{"id":365,"date":"2015-04-23T13:40:53","date_gmt":"2015-04-23T13:40:53","guid":{"rendered":"http:\/\/larsen-maguire.com\/english\/?page_id=365"},"modified":"2026-04-05T23:14:45","modified_gmt":"2026-04-05T21:14:45","slug":"concerts","status":"publish","type":"page","link":"https:\/\/larsen-maguire.com\/english\/concerts\/","title":{"rendered":"Concerts"},"content":{"rendered":"<p>[et_pb_section fb_built=&#8221;1&#8243; admin_label=&#8221;Sektion &#8211; Fixierter Hintergrund&#8221; _builder_version=&#8221;4.16&#8243; use_background_color_gradient=&#8221;on&#8221; background_color_gradient_type=&#8221;circular&#8221; background_color_gradient_direction_radial=&#8221;top left&#8221; background_color_gradient_stops=&#8221;rgba(61,61,61,0) 50%|rgba(0,0,0,0.75) 70%&#8221; background_color_gradient_overlays_image=&#8221;on&#8221; background_color_gradient_start=&#8221;rgba(61,61,61,0)&#8221; background_color_gradient_start_position=&#8221;50%&#8221; background_color_gradient_end=&#8221;rgba(0,0,0,0.75)&#8221; background_color_gradient_end_position=&#8221;70%&#8221; background_image=&#8221;http:\/\/larsen-maguire.com\/english\/wp-content\/uploads\/sites\/3\/2020\/03\/CLM-2&#215;3-DSC02293.jpg&#8221; background_position=&#8221;top_left&#8221; positioning=&#8221;fixed&#8221; width=&#8221;100%&#8221; max_width=&#8221;100%&#8221; height=&#8221;100%&#8221; max_height=&#8221;100%&#8221; overflow-x=&#8221;visible&#8221; overflow-y=&#8221;visible&#8221; custom_margin=&#8221;||||false|false&#8221; custom_padding=&#8221;0px||0px||false|false&#8221; background_last_edited=&#8221;on|phone&#8221; background_color_gradient_stops_tablet=&#8221;rgba(61,61,61,0.47) 50%|rgba(0,0,0,0.75) 70%&#8221; background_color_gradient_stops_phone=&#8221;rgba(61,61,61,0.68) 50%|rgba(0,0,0,0.75) 70%&#8221; background_color_gradient_start_tablet=&#8221;rgba(61,61,61,0.47)&#8221; background_color_gradient_start_phone=&#8221;rgba(61,61,61,0.68)&#8221; global_colors_info=&#8221;{}&#8221;][et_pb_row column_structure=&#8221;3_5,2_5&#8243; custom_padding_last_edited=&#8221;on|tablet&#8221; admin_label=&#8221;Zeile &#8211; scrollbar&#8221; _builder_version=&#8221;4.16&#8243; vertical_offset=&#8221;0px&#8221; width=&#8221;100%&#8221; max_width=&#8221;100%&#8221; max_height=&#8221;100%&#8221; overflow-x=&#8221;scroll&#8221; custom_margin=&#8221;0px||0px||false|false&#8221; custom_padding=&#8221;0%|10%|5%|20%|false|false&#8221; custom_padding_tablet=&#8221;|10%||10%|false|true&#8221; custom_padding_phone=&#8221;&#8221; global_colors_info=&#8221;{}&#8221;][et_pb_column type=&#8221;3_5&#8243; _builder_version=&#8221;4.16&#8243; global_colors_info=&#8221;{}&#8221;][\/et_pb_column][et_pb_column type=&#8221;2_5&#8243; _builder_version=&#8221;4.16&#8243; global_colors_info=&#8221;{}&#8221;][et_pb_post_title meta=&#8221;off&#8221; featured_image=&#8221;off&#8221; _builder_version=&#8221;4.16&#8243; title_text_color=&#8221;#dbb749&#8243; title_font_size=&#8221;60px&#8221; custom_margin=&#8221;40%||10%||false|false&#8221; locked=&#8221;on&#8221; global_colors_info=&#8221;{}&#8221;][\/et_pb_post_title][et_pb_text admin_label=&#8221;Text &#8211; Termine 2026&#8243; _builder_version=&#8221;4.27.5&#8243; link_text_color=&#8221;#dbb749&#8243; header_5_text_color=&#8221;#ffffff&#8221; header_5_font_size=&#8221;21px&#8221; background_size=&#8221;initial&#8221; background_position=&#8221;top_left&#8221; background_repeat=&#8221;repeat&#8221; module_alignment=&#8221;left&#8221; height=&#8221;80%&#8221; max_height=&#8221;80%&#8221; overflow-x=&#8221;scroll&#8221; hover_enabled=&#8221;0&#8243; use_border_color=&#8221;off&#8221; global_colors_info=&#8221;{}&#8221; sticky_enabled=&#8221;0&#8243;]<\/p>\n<h5>1st January 2026, 6.00pm<\/h5>\n<p>Tempodrom, Berlin<br \/>New Year&#8217;s concert with Circus Roncalli<br \/>Works by John Adams, Korngold, Wagner, De Falla, Tchaikovsky, John Williams, Johann Strauss, Bizet, Khatchaturian<br \/><a href=\"https:\/\/www.dso-berlin.de\/de\/konzerte\/formate\/silvester-neujahr\/?page=2025-12\">Deutsches Symphonie-Orchester Berlin<\/a><\/p>\n<p>&nbsp;<\/p>\n<h5>18th January 2026, 8.30pm<\/h5>\n<p>Megaron, Athens<br \/>Natalia Hatz: Iris<br \/>Mozart: Piano concerto No. 23, K. 488<br \/>&#8211; Soloist: Dora Bakopoulou<br \/>Elgar: Enigma Variations<br \/><a href=\"https:\/\/www.uyo.gr\/en\/i-underground-youth-orchestra-ypodechetai-mia-megali-pianista-i-ntora-bakopoulou-ypo-tin-diefthynsi-tis-kathrin-larsen-magkouair\/\">Underground Youth Orchestra, Athens<\/a><\/p>\n<h5>\u00a0<\/h5>\n<h5>24th and 25th January 2026<\/h5>\n<p>Sala Silvestre Revueltas, Mexico City<br \/>Prado: Tr\u00edptico fluvial<br \/>Mozart: Sinfonia concertante for violin and viola, K. 364<br \/>&#8211; Soloists: Fernando Vizcayno and Roberto Campos<br \/>Rachmaninov: Symphonic Dances<br \/><a href=\"http:\/\/ofcm.cultura.cdmx.gob.mx\/node\/1291\">Mexico City Philharmonic<\/a><\/p>\n<h5>\u00a0<\/h5>\n<h5>31st January and 1st February 2026<\/h5>\n<p>Sala Silvestre Revueltas, Mexico City<br \/>Haydn: Symphony No. 60 (&#8220;Il Distratto&#8221;)<br \/>Clyne: Sound and Fury<br \/>Schumann: Symphony No. 2<br \/><a href=\"http:\/\/ofcm.cultura.cdmx.gob.mx\">Mexico City Philharmonic<\/a><\/p>\n<h5>\u00a0<\/h5>\n<h5>6th and 7th February 2026<\/h5>\n<p>Nordic House, T\u00f3rshavn<br \/>Concerts with Kim Hansen<br \/><a href=\"https:\/\/www.fso.fo\/kim-og-foroya-symfoniorkestur-2026\/\">Faroese Symphony Orchestra<\/a><\/p>\n<p>&nbsp;<\/p>\n<h5>9th &#8211; 14th February 2026<\/h5>\n<p>Chihuahua, Mexico<br \/><a href=\"https:\/\/boreofest.com\/el-festival\">B\u00f3reoFest<\/a><\/p>\n<h5>13th February 2026, 8pm<\/h5>\n<p>Teatro da C\u00e1mara, Chihuahua<br \/>Mozart: Gran Partita<br \/>Stravinsky: Symphonies of Wind Instruments<br \/>Shostakovich, arr. Walter: Jazz Suite<br \/><a href=\"https:\/\/boreofest.com\/el-festival\">Winds of the Chihuahua Philharmonic Orchestra<\/a><\/p>\n<h5>14th February 2026, 8pm<\/h5>\n<p>Sala de Ensayos, Chihuahua<br \/>Mendelssohn: Konzertst\u00fcck<br \/>&#8211; Soloists: Iv\u00e1n Mancera and Evelyn Briones<br \/>Weber: Bassoon concerto<br \/>&#8211; Soloist: Mart\u00edn Dom\u00ednguez<br \/>Beethoven: Symphony No. 1<br \/><a href=\"https:\/\/boreofest.com\/el-festival\">B\u00f3reoFest Festival Orchestra<\/a><\/p>\n<p>&nbsp;<\/p>\n<h5>18th &#8211; 19th February 2026<\/h5>\n<p>Kilger: Shavryon<br \/><a href=\"https:\/\/www.musikfabrik.eu\/en\/\">Recording with Ensemble Musikfabrik K\u00f6ln<\/a><\/p>\n<p>&nbsp;<\/p>\n<h5>3rd &#8211; 5th March 2026<\/h5>\n<p><a href=\"https:\/\/www.forum-dirigieren.de\/foerderung\/veranstaltungen\/veranstaltung\/5698?cHash=9cb7f054afb486245cd746854f3170f6\">Jury member, Forum Dirigieren<\/a><\/p>\n<p>&nbsp;<\/p>\n<h5>14th March 2026, 7.30pm<\/h5>\n<p>Nordic House, T\u00f3rshavn<br \/>Tausen \u00e1 Lava: Let me cry<br \/>Rachmaninov: Piano concerto No. 2<br \/>&#8211; Soloist: Aksel Remmel<br \/>Tchaikovsky: Symphony No. 4<a href=\"https:\/\/www.fso.fo\/varkonsertin-2026\/\"><br \/>Faroese Symphony Orchestra<\/a><\/p>\n<h5>15th March 2026, 4pm<\/h5>\n<p>Mentanarh\u00fasi\u00f0 Varpi\u00f0<br \/>Tausen \u00e1 Lava: Let me cry<br \/>Rachmaninov: Piano concerto No. 2<br \/>&#8211; Soloist: Aksel Remmel<br \/>Tchaikovsky: Symphony No. 4<a href=\"https:\/\/www.fso.fo\/varkonsertin-2026\/\"><br \/>Faroese Symphony Orchestra<\/a><\/p>\n<p>&nbsp;<\/p>\n<h5>19th March 2026, 7.30pm<\/h5>\n<p>Theater der \u00a0Altmark, Stendal<br \/>Beethoven: Piano concerto No. 5<br \/>&#8211; Soloist: Frederike M\u00f6ller<br \/>Schubert: Symphony No. 2<a href=\"https:\/\/mitteldeutsche-kammerphilharmonie.de\/spielplan\/?programm_id=209028\"><br \/>Mitteldeutsche Kammerphilharmonie<\/a><\/p>\n<h5>20th March 2026, 7.30pm<\/h5>\n<p>Dr.-Tolberg-Saal, Sch\u00f6nebeck<br \/>Beethoven: Piano concerto No. 5<br \/>&#8211; Soloist: Frederike M\u00f6ller<br \/>Schubert: Symphony No. 2<a href=\"https:\/\/mitteldeutsche-kammerphilharmonie.de\/spielplan\/?programm_id=2315398\"><br \/>Mitteldeutsche Kammerphilharmonie<\/a><\/p>\n<h5>22nd March 2026, 5pm<\/h5>\n<p>Carl-Maria-von-Weber-Theater, Bernburg<br \/>Beethoven: Piano concerto No. 5<br \/>&#8211; Soloist: Frederike M\u00f6ller<br \/>Schubert: Symphony No. 2<a href=\"https:\/\/mitteldeutsche-kammerphilharmonie.de\/spielplan\/?programm_id=854694\"><br \/>Mitteldeutsche Kammerphilharmonie<\/a><\/p>\n<p>&nbsp;<\/p>\n<h5>26th March 2026, 8pm<\/h5>\n<p>Schwere Reiter, Munich<br \/>Glojnaric: EVERYTHING, ALWAYS<br \/>Shaw: Entr&#8217;acte: A Minuet &amp; Trio<br \/>Kendall: \u201e\u2026I may turn to salt\u201c<br \/>Karastoyanova-Hermentin: Auftragswerk aspekte Salzburg<br \/><a href=\"https:\/\/www.m-k-o.eu\/event-detail\/2950\/25---26%20Songbook%20I\/\">Munich Chamber Orchestra<\/a><\/p>\n<p>&nbsp;<\/p>\n<h5>11th &#8211; 15th April 2026<\/h5>\n<p>Nordic House, T\u00f3rshavn<br \/>Children&#8217;s and Family concerts with the<a href=\"https:\/\/www.fso.fo\"><br \/>Faroese Symphony Orchestra<\/a><\/p>\n<p>&nbsp;<\/p>\n<h5>23rd April 2026, 7.30pm<\/h5>\n<p>Palacio Euskalduna, Bilbao<br \/>Vaughan Williams: &#8220;The Wasps&#8221; Overture<br \/>Lalo: Symphonie Espagnole<br \/>&#8211; Soloist: Ellinor D&#8217;Melon<br \/>Vaughan Williams: Symphony No. 2<br \/><a href=\"https:\/\/www.bilbaorkestra.eus\/conciertos\/londres-y-la-symphonie-espagnole\/#tab-1\">Bilbao Orkestra Sinfonikoa<\/a><\/p>\n<h5>24th April 2026, 7.30pm<\/h5>\n<p>Palacio Euskalduna, Bilbao<br \/>Vaughan Williams: &#8220;The Wasps&#8221; Overture<br \/>Lalo: Symphonie Espagnole<br \/>&#8211; Soloist: Ellinor D&#8217;Melon<br \/>Vaughan Williams: Symphony No. 2<br \/><a href=\"https:\/\/www.bilbaorkestra.eus\/conciertos\/londres-y-la-symphonie-espagnole\/#tab-1\">Bilbao Orkestra Sinfonikoa<\/a><\/p>\n<p>&nbsp;<\/p>\n<p>&nbsp;<\/p>\n<h5>2nd May 2026, 7.30pm<\/h5>\n<p>L\u00fcbeck Music College, Concert hall<br \/>Beethoven: Overture &#8220;Leonore&#8221; No. 3<br \/>Proske: Ziehen (first performance)<br \/>Rodrigo: Concierto de Aranjuez<br \/>&#8211; Soloist: Otto Tolonen<br \/>Brahms: Symphony No. 3<br \/><a href=\"https:\/\/www.mh-luebeck.de\/veranstaltung\/sinfoniekonzert-1\">Sinfonieorchester der Musikhochschule L\u00fcbeck<\/a><\/p>\n<h5>3rd May 2026, 5pm<\/h5>\n<p>L\u00fcbeck Music College, Concert hall<br \/>Beethoven: Overture &#8220;Leonore&#8221; No. 3<br \/>Proske: Ziehen (first performance)<br \/>Rodrigo: Concierto de Aranjuez<br \/>&#8211; Soloist: Otto Tolonen<br \/>Brahms: Symphony No. 3<br \/><a href=\"https:\/\/www.mh-luebeck.de\/veranstaltung\/sinfoniekonzert-0\">Sinfonieorchester der Musikhochschule L\u00fcbeck<\/a><\/p>\n<p>&nbsp;<\/p>\n<p>&nbsp;<\/p>\n<h5>9th May 2026, 6.30pm<\/h5>\n<p>Palau de la M\u00fasica Catalana<br \/>Auerbach: Sogno di Stabat Mater<br \/>Rachmaninov: Variations on a Theme of Paganini<br \/>&#8211; Soloist: Artem Kusnetzov<br \/>Stravinsky: Pulcinella Suite<br \/>Tchaikovsky: Capriccio Italien<br \/><a href=\"https:\/\/www.osvalles.com\/en\/programme\/c\/516-rachmaninov-variations-tchaikovskys-italian-c.html\">Orquestra Simf\u00f2nica del Vall\u00e8s, Barcelona<\/a><\/p>\n<p>&nbsp;<\/p>\n<h5>15th May 2026, 7.30pm<\/h5>\n<p>Musikhochschule Luzern<br \/>Abrahamsen: Schnee<br \/><a href=\"https:\/\/www.hslu.ch\/de-ch\/musik\/\">Musikhochschule Luzern Contemporary Ensemble<\/a><\/p>\n<p>&nbsp;<\/p>\n<h5>29th May 2026<\/h5>\n<p>Orquesta Sinf\u00f3nica de Xalapa, Mexico<\/p>\n<p>&nbsp;<\/p>\n<h5>19th, 20th, 21st June 2026<\/h5>\n<p>Philharmonie S\u00fcdwestfalen<\/p>\n<p>&nbsp;<\/p>\n<h5>27th and 28th June 2026<\/h5>\n<p>Faroese Symphony Orchestra<\/p>\n<p>&nbsp;<\/p>\n<h5>2nd, 3rd, 4th July 2026<\/h5>\n<p>Brandenburgisches Staatsorchester Frankfurt<\/p>\n<p>[\/et_pb_text][et_pb_toggle title=&#8221;Terminarchiv&#8221; open_toggle_text_color=&#8221;#dbb749&#8243; open_toggle_background_color=&#8221;rgba(0,0,0,0.44)&#8221; closed_toggle_background_color=&#8221;rgba(0,0,0,0)&#8221; icon_color=&#8221;#dbb749&#8243; use_icon_font_size=&#8221;on&#8221; icon_font_size=&#8221;30px&#8221; open_icon_color=&#8221;#dbb749&#8243; open_use_icon_font_size=&#8221;on&#8221; open_icon_font_size=&#8221;30px&#8221; admin_label=&#8221;Umschalter &#8211; Men\u00fc: Terminarchiv&#8221; _builder_version=&#8221;4.27.5&#8243; title_text_color=&#8221;#dbb749&#8243; title_font_size=&#8221;21px&#8221; closed_title_font_size=&#8221;21px&#8221; body_link_text_color=&#8221;#dbb749&#8243; width=&#8221;75%&#8221; custom_padding=&#8221;||||false|false&#8221; border_color_all=&#8221;#3d3d3d&#8221; saved_tabs=&#8221;all&#8221; locked=&#8221;on&#8221; global_colors_info=&#8221;{}&#8221; body_link_text_color__hover_enabled=&#8221;on|hover&#8221; body_link_text_color__hover=&#8221;#a3977a&#8221;]<a title=\"Concerts 2025\" href=\"https:\/\/larsen-maguire.com\/english\/concerts-2025\/\">Concerts 2025<\/a><br \/>\n<a title=\"Concerts 2024\" href=\"https:\/\/larsen-maguire.com\/english\/concerts-2024\/\">Concerts 2024<\/a><br \/>\n<a title=\"Concerts 2023\" href=\"https:\/\/larsen-maguire.com\/english\/concerts-2023\/\">Concerts 2023<\/a><br \/>\n<a title=\"Concerts 2022\" href=\"https:\/\/larsen-maguire.com\/english\/concerts-2022\/\">Concerts 2022<\/a><br \/>\n<a title=\"Concerts 2021\" href=\"https:\/\/larsen-maguire.com\/english\/concerts-2021\/\">Concerts 2021<\/a><br \/>\n<a title=\"Concerts 2020\" href=\"https:\/\/larsen-maguire.com\/english\/concerts-2020\/\">Concerts 2020<\/a><br \/>\n<a title=\"Concerts 2019\" href=\"https:\/\/larsen-maguire.com\/english\/concerts-2019\/\">Concerts 2019<\/a><br \/>\n<a title=\"Concerts 2018\" href=\"https:\/\/larsen-maguire.com\/english\/concerts-2018\/\">Concerts 2018<\/a><br \/>\n<a title=\"Concerts 2017\" href=\"https:\/\/larsen-maguire.com\/english\/concerts-2017\/\">Concerts 2017<\/a><br \/>\n<a title=\"Concerts 2016\" href=\"https:\/\/larsen-maguire.com\/english\/concerts-2016\/\">Concerts 2016<\/a><br \/>\n<a title=\"Concerts 2015\" href=\"https:\/\/larsen-maguire.com\/english\/concerts-2015\/\">Concerts 2015<\/a><br \/>\n<a title=\"Concerts 2014\" href=\"https:\/\/larsen-maguire.com\/english\/concerts-2014\/\">Concerts 2014<\/a><br \/>\n<a title=\"Concerts 2013\" href=\"https:\/\/larsen-maguire.com\/english\/concerts-2013\/\">Concerts 2013<\/a><br \/>\n<a title=\"Concerts 2012\" href=\"https:\/\/larsen-maguire.com\/english\/concerts-2012\/\">Concerts 2012<\/a><br \/>\n<a title=\"Concerts 2011\" href=\"https:\/\/larsen-maguire.com\/english\/concerts-2011\/\">Concerts 2011<\/a><br \/>\n<a title=\"Concerts 2010\" href=\"https:\/\/larsen-maguire.com\/english\/concerts-2010\/\">Concerts 2010<\/a><br \/>\n[\/et_pb_toggle][et_pb_text admin_label=&#8221;Text &#8211; Footernavigation (Fixiert)&#8221; _builder_version=&#8221;4.16&#8243; link_text_color=&#8221;#a3977a&#8221; link_font_size=&#8221;14px&#8221; background_enable_color=&#8221;off&#8221; use_background_color_gradient=&#8221;on&#8221; background_color_gradient_type=&#8221;circular&#8221; background_color_gradient_stops=&#8221;rgba(61,61,61,0.57) 10%|#000000 60%&#8221; background_color_gradient_start=&#8221;rgba(61,61,61,0.57)&#8221; background_color_gradient_start_position=&#8221;10%&#8221; background_color_gradient_end=&#8221;#000000&#8243; background_color_gradient_end_position=&#8221;60%&#8221; positioning=&#8221;fixed&#8221; position_origin_a=&#8221;bottom_center&#8221; position_origin_f=&#8221;bottom_center&#8221; position_origin_r=&#8221;bottom_right&#8221; vertical_offset=&#8221;0px&#8221; horizontal_offset=&#8221;-55%&#8221; z_index=&#8221;10000&#8243; width=&#8221;100%&#8221; max_width=&#8221;100%&#8221; custom_margin=&#8221;50px||||false|false&#8221; custom_padding=&#8221;||||false|false&#8221; animation_direction=&#8221;bottom&#8221; global_module=&#8221;2365&#8243; saved_tabs=&#8221;all&#8221; locked=&#8221;on&#8221; global_colors_info=&#8221;{}&#8221; link_text_color__hover_enabled=&#8221;on|desktop&#8221; link_text_color__hover=&#8221;#dbb749&#8243;]<\/p>\n<p style=\"text-align: center\"><a href=\"https:\/\/larsen-maguire.com\/english\/contact\/\" title=\"Contact\">Contact<\/a> \u00a0 \u00a0<a href=\"https:\/\/larsen-maguire.com\/english\/legal-notice\/\" title=\"Legal Notice\">Legal Notice<\/a> \u00a0 \u00a0<a href=\"https:\/\/larsen-maguire.com\/english\/privacy-note\/\" title=\"Privacy Note\">Privacy Note<\/a><\/p>\n<p>[\/et_pb_text][\/et_pb_column][\/et_pb_row][\/et_pb_section]<\/p>\n","protected":false},"excerpt":{"rendered":"<p>1st January 2026, 6.00pm Tempodrom, BerlinNew Year&#8217;s concert with Circus RoncalliWorks by John Adams, Korngold, Wagner, De Falla, Tchaikovsky, John Williams, Johann Strauss, Bizet, KhatchaturianDeutsches Symphonie-Orchester Berlin &nbsp; 18th January 2026, 8.30pm Megaron, AthensNatalia Hatz: IrisMozart: Piano concerto No. 23, K. 488- Soloist: Dora BakopoulouElgar: Enigma VariationsUnderground Youth Orchestra, Athens \u00a0 24th and 25th January [&hellip;]<\/p>\n","protected":false},"author":4,"featured_media":0,"parent":0,"menu_order":0,"comment_status":"open","ping_status":"open","template":"","meta":{"_et_pb_use_builder":"on","_et_pb_old_content":"","_et_gb_content_width":"","footnotes":""},"class_list":["post-365","page","type-page","status-publish","hentry"],"yoast_head":"<!-- This site is optimized with the Yoast SEO plugin v27.0 - https:\/\/yoast.com\/product\/yoast-seo-wordpress\/ -->\n<title>Events \u2022 Catherine Larsen-Maguire<\/title>\n<meta name=\"robots\" content=\"index, follow, max-snippet:-1, max-image-preview:large, max-video-preview:-1\" \/>\n<link rel=\"canonical\" href=\"https:\/\/larsen-maguire.com\/english\/concerts\/\" \/>\n<meta property=\"og:locale\" content=\"en_US\" \/>\n<meta property=\"og:type\" content=\"article\" \/>\n<meta property=\"og:title\" content=\"Events \u2022 Catherine Larsen-Maguire\" \/>\n<meta property=\"og:description\" content=\"1st January 2026, 6.00pm Tempodrom, BerlinNew Year&#039;s concert with Circus RoncalliWorks by John Adams, Korngold, Wagner, De Falla, Tchaikovsky, John Williams, Johann Strauss, Bizet, KhatchaturianDeutsches Symphonie-Orchester Berlin &nbsp; 18th January 2026, 8.30pm Megaron, AthensNatalia Hatz: IrisMozart: Piano concerto No. 23, K. 488- Soloist: Dora BakopoulouElgar: Enigma VariationsUnderground Youth Orchestra, Athens \u00a0 24th and 25th January [&hellip;]\" \/>\n<meta property=\"og:url\" content=\"https:\/\/larsen-maguire.com\/english\/concerts\/\" \/>\n<meta property=\"og:site_name\" content=\"english\" \/>\n<meta property=\"article:modified_time\" content=\"2026-04-05T21:14:45+00:00\" \/>\n<meta name=\"twitter:label1\" content=\"Est. reading time\" \/>\n\t<meta name=\"twitter:data1\" content=\"3 minutes\" \/>\n<script type=\"application\/ld+json\" class=\"yoast-schema-graph\">{\"@context\":\"https:\/\/schema.org\",\"@graph\":[{\"@type\":\"WebPage\",\"@id\":\"https:\/\/larsen-maguire.com\/english\/concerts\/\",\"url\":\"https:\/\/larsen-maguire.com\/english\/concerts\/\",\"name\":\"Events \u2022 Catherine Larsen-Maguire\",\"isPartOf\":{\"@id\":\"https:\/\/larsen-maguire.com\/english\/#website\"},\"datePublished\":\"2015-04-23T13:40:53+00:00\",\"dateModified\":\"2026-04-05T21:14:45+00:00\",\"breadcrumb\":{\"@id\":\"https:\/\/larsen-maguire.com\/english\/concerts\/#breadcrumb\"},\"inLanguage\":\"en-US\",\"potentialAction\":[{\"@type\":\"ReadAction\",\"target\":[\"https:\/\/larsen-maguire.com\/english\/concerts\/\"]}]},{\"@type\":\"BreadcrumbList\",\"@id\":\"https:\/\/larsen-maguire.com\/english\/concerts\/#breadcrumb\",\"itemListElement\":[{\"@type\":\"ListItem\",\"position\":1,\"name\":\"Home\",\"item\":\"https:\/\/larsen-maguire.com\/english\/\"},{\"@type\":\"ListItem\",\"position\":2,\"name\":\"Concerts\"}]},{\"@type\":\"WebSite\",\"@id\":\"https:\/\/larsen-maguire.com\/english\/#website\",\"url\":\"https:\/\/larsen-maguire.com\/english\/\",\"name\":\"english\",\"description\":\"Catherine Larsen-Maguire\",\"publisher\":{\"@id\":\"https:\/\/larsen-maguire.com\/english\/#\/schema\/person\/fb937f3e64a202ec098731225ef4bb55\"},\"potentialAction\":[{\"@type\":\"SearchAction\",\"target\":{\"@type\":\"EntryPoint\",\"urlTemplate\":\"https:\/\/larsen-maguire.com\/english\/?s={search_term_string}\"},\"query-input\":{\"@type\":\"PropertyValueSpecification\",\"valueRequired\":true,\"valueName\":\"search_term_string\"}}],\"inLanguage\":\"en-US\"},{\"@type\":[\"Person\",\"Organization\"],\"@id\":\"https:\/\/larsen-maguire.com\/english\/#\/schema\/person\/fb937f3e64a202ec098731225ef4bb55\",\"name\":\"Catherine Larsen-Maguire\",\"image\":{\"@type\":\"ImageObject\",\"inLanguage\":\"en-US\",\"@id\":\"https:\/\/larsen-maguire.com\/english\/#\/schema\/person\/image\/\",\"url\":\"https:\/\/larsen-maguire.com\/english\/wp-content\/uploads\/sites\/3\/2020\/01\/CLM-Profilbild-Catherine-Larsen-Maguire.png\",\"contentUrl\":\"https:\/\/larsen-maguire.com\/english\/wp-content\/uploads\/sites\/3\/2020\/01\/CLM-Profilbild-Catherine-Larsen-Maguire.png\",\"width\":500,\"height\":500,\"caption\":\"Catherine Larsen-Maguire\"},\"logo\":{\"@id\":\"https:\/\/larsen-maguire.com\/english\/#\/schema\/person\/image\/\"},\"sameAs\":[\"http:\/\/larsen-maguire.com\"]}]}<\/script>\n<!-- \/ Yoast SEO plugin. -->","yoast_head_json":{"title":"Events \u2022 Catherine Larsen-Maguire","robots":{"index":"index","follow":"follow","max-snippet":"max-snippet:-1","max-image-preview":"max-image-preview:large","max-video-preview":"max-video-preview:-1"},"canonical":"https:\/\/larsen-maguire.com\/english\/concerts\/","og_locale":"en_US","og_type":"article","og_title":"Events \u2022 Catherine Larsen-Maguire","og_description":"1st January 2026, 6.00pm Tempodrom, BerlinNew Year's concert with Circus RoncalliWorks by John Adams, Korngold, Wagner, De Falla, Tchaikovsky, John Williams, Johann Strauss, Bizet, KhatchaturianDeutsches Symphonie-Orchester Berlin &nbsp; 18th January 2026, 8.30pm Megaron, AthensNatalia Hatz: IrisMozart: Piano concerto No. 23, K. 488- Soloist: Dora BakopoulouElgar: Enigma VariationsUnderground Youth Orchestra, Athens \u00a0 24th and 25th January [&hellip;]","og_url":"https:\/\/larsen-maguire.com\/english\/concerts\/","og_site_name":"english","article_modified_time":"2026-04-05T21:14:45+00:00","twitter_misc":{"Est. reading time":"3 minutes"},"schema":{"@context":"https:\/\/schema.org","@graph":[{"@type":"WebPage","@id":"https:\/\/larsen-maguire.com\/english\/concerts\/","url":"https:\/\/larsen-maguire.com\/english\/concerts\/","name":"Events \u2022 Catherine Larsen-Maguire","isPartOf":{"@id":"https:\/\/larsen-maguire.com\/english\/#website"},"datePublished":"2015-04-23T13:40:53+00:00","dateModified":"2026-04-05T21:14:45+00:00","breadcrumb":{"@id":"https:\/\/larsen-maguire.com\/english\/concerts\/#breadcrumb"},"inLanguage":"en-US","potentialAction":[{"@type":"ReadAction","target":["https:\/\/larsen-maguire.com\/english\/concerts\/"]}]},{"@type":"BreadcrumbList","@id":"https:\/\/larsen-maguire.com\/english\/concerts\/#breadcrumb","itemListElement":[{"@type":"ListItem","position":1,"name":"Home","item":"https:\/\/larsen-maguire.com\/english\/"},{"@type":"ListItem","position":2,"name":"Concerts"}]},{"@type":"WebSite","@id":"https:\/\/larsen-maguire.com\/english\/#website","url":"https:\/\/larsen-maguire.com\/english\/","name":"english","description":"Catherine Larsen-Maguire","publisher":{"@id":"https:\/\/larsen-maguire.com\/english\/#\/schema\/person\/fb937f3e64a202ec098731225ef4bb55"},"potentialAction":[{"@type":"SearchAction","target":{"@type":"EntryPoint","urlTemplate":"https:\/\/larsen-maguire.com\/english\/?s={search_term_string}"},"query-input":{"@type":"PropertyValueSpecification","valueRequired":true,"valueName":"search_term_string"}}],"inLanguage":"en-US"},{"@type":["Person","Organization"],"@id":"https:\/\/larsen-maguire.com\/english\/#\/schema\/person\/fb937f3e64a202ec098731225ef4bb55","name":"Catherine Larsen-Maguire","image":{"@type":"ImageObject","inLanguage":"en-US","@id":"https:\/\/larsen-maguire.com\/english\/#\/schema\/person\/image\/","url":"https:\/\/larsen-maguire.com\/english\/wp-content\/uploads\/sites\/3\/2020\/01\/CLM-Profilbild-Catherine-Larsen-Maguire.png","contentUrl":"https:\/\/larsen-maguire.com\/english\/wp-content\/uploads\/sites\/3\/2020\/01\/CLM-Profilbild-Catherine-Larsen-Maguire.png","width":500,"height":500,"caption":"Catherine Larsen-Maguire"},"logo":{"@id":"https:\/\/larsen-maguire.com\/english\/#\/schema\/person\/image\/"},"sameAs":["http:\/\/larsen-maguire.com"]}]}},"_links":{"self":[{"href":"https:\/\/larsen-maguire.com\/english\/wp-json\/wp\/v2\/pages\/365","targetHints":{"allow":["GET"]}}],"collection":[{"href":"https:\/\/larsen-maguire.com\/english\/wp-json\/wp\/v2\/pages"}],"about":[{"href":"https:\/\/larsen-maguire.com\/english\/wp-json\/wp\/v2\/types\/page"}],"author":[{"embeddable":true,"href":"https:\/\/larsen-maguire.com\/english\/wp-json\/wp\/v2\/users\/4"}],"replies":[{"embeddable":true,"href":"https:\/\/larsen-maguire.com\/english\/wp-json\/wp\/v2\/comments?post=365"}],"version-history":[{"count":63,"href":"https:\/\/larsen-maguire.com\/english\/wp-json\/wp\/v2\/pages\/365\/revisions"}],"predecessor-version":[{"id":3636,"href":"https:\/\/larsen-maguire.com\/english\/wp-json\/wp\/v2\/pages\/365\/revisions\/3636"}],"wp:attachment":[{"href":"https:\/\/larsen-maguire.com\/english\/wp-json\/wp\/v2\/media?parent=365"}],"curies":[{"name":"wp","href":"https:\/\/api.w.org\/{rel}","templated":true}]}}