{"id":361,"date":"2015-04-23T13:38:33","date_gmt":"2015-04-23T11:38:33","guid":{"rendered":"http:\/\/larsen-maguire.com\/english\/?page_id=361"},"modified":"2026-04-16T20:35:19","modified_gmt":"2026-04-16T18:35:19","slug":"home","status":"publish","type":"page","link":"https:\/\/larsen-maguire.com\/english\/","title":{"rendered":"Home"},"content":{"rendered":"<p>[et_pb_section fb_built=&#8221;1&#8243; admin_label=&#8221;Sektion &#8211; Header&#8221; _builder_version=&#8221;4.16&#8243; background_color=&#8221;#3d3d3d&#8221; background_image=&#8221;http:\/\/larsen-maguire.com\/english\/wp-content\/uploads\/sites\/3\/2020\/03\/CLM-DSC02301.jpg&#8221; parallax=&#8221;on&#8221; custom_padding=&#8221;0px||0px||true|false&#8221; global_colors_info=&#8221;{}&#8221;][et_pb_row column_structure=&#8221;1_2,1_2&#8243; use_custom_gutter=&#8221;on&#8221; gutter_width=&#8221;1&#8243; _builder_version=&#8221;4.16&#8243; z_index=&#8221;1&#8243; width=&#8221;100%&#8221; max_width=&#8221;2560px&#8221; custom_margin=&#8221;0px||0px||true|false&#8221; custom_padding=&#8221;0px||0px||true|false&#8221; animation_style=&#8221;slide&#8221; animation_direction=&#8221;right&#8221; animation_duration=&#8221;1500ms&#8221; animation_delay=&#8221;500ms&#8221; global_colors_info=&#8221;{}&#8221;][et_pb_column type=&#8221;1_2&#8243; _builder_version=&#8221;4.16&#8243; background_color=&#8221;#000000&#8243; custom_padding=&#8221;||||false|true&#8221; global_colors_info=&#8221;{}&#8221;][\/et_pb_column][et_pb_column type=&#8221;1_2&#8243; _builder_version=&#8221;4.16&#8243; background_color=&#8221;rgba(0,0,0,0.25)&#8221; custom_padding=&#8221;0px||0px||true|false&#8221; global_colors_info=&#8221;{}&#8221;][et_pb_cta title=&#8221;Next Event&#8221; button_url=&#8221;https:\/\/www.bilbaorkestra.eus\/conciertos\/londres-y-la-symphonie-espagnole\/&#8221; url_new_window=&#8221;on&#8221; button_text=&#8221;Bilbao Orkestra Sinfonikoa&#8221; admin_label=&#8221;Call To Action &#8211; Next Concert&#8221; _builder_version=&#8221;4.27.5&#8243; header_text_align=&#8221;left&#8221; header_font_size=&#8221;24px&#8221; header_line_height=&#8221;3em&#8221; body_text_align=&#8221;left&#8221; body_font_size=&#8221;60px&#8221; background_enable_color=&#8221;off&#8221; button_alignment=&#8221;left&#8221; z_index=&#8221;500&#8243; custom_margin=&#8221;280px||180px||false|false&#8221; custom_padding=&#8221;||||false|false&#8221; body_font_size_tablet=&#8221;50px&#8221; body_font_size_phone=&#8221;41px&#8221; body_font_size_last_edited=&#8221;on|phone&#8221; header_text_shadow_style=&#8221;preset2&#8243; header_text_shadow_horizontal_length=&#8221;0.15em&#8221; header_text_shadow_vertical_length=&#8221;0.15em&#8221; header_text_shadow_blur_strength=&#8221;0.15em&#8221; body_text_shadow_style=&#8221;preset2&#8243; body_text_shadow_horizontal_length=&#8221;0.15em&#8221; body_text_shadow_vertical_length=&#8221;0.15em&#8221; body_text_shadow_blur_strength=&#8221;0.15em&#8221; global_colors_info=&#8221;{}&#8221;]<\/p>\n<p>23rd and 24th April 2026<\/p>\n<p>[\/et_pb_cta][\/et_pb_column][\/et_pb_row][\/et_pb_section][et_pb_section fb_built=&#8221;1&#8243; admin_label=&#8221;Sektion &#8211; Inhalt&#8221; _builder_version=&#8221;4.27.0&#8243; background_color=&#8221;#3d3d3d&#8221; use_background_color_gradient=&#8221;on&#8221; background_color_gradient_type=&#8221;circular&#8221; background_color_gradient_direction_radial=&#8221;top&#8221; background_color_gradient_stops=&#8221;#3d3d3d 30%|#000000 100%&#8221; background_color_gradient_start=&#8221;#3d3d3d&#8221; background_color_gradient_start_position=&#8221;30%&#8221; background_color_gradient_end=&#8221;#000000&#8243; custom_margin=&#8221;||0px||false|false&#8221; custom_padding=&#8221;0px||0px||false|false&#8221; transparent_background=&#8221;off&#8221; collapsed=&#8221;off&#8221; global_colors_info=&#8221;{}&#8221;][et_pb_row column_structure=&#8221;1_3,1_3,1_3&#8243; admin_label=&#8221;Zeile &#8211; Maus-Scroll&#8221; _builder_version=&#8221;4.16&#8243; background_size=&#8221;initial&#8221; background_position=&#8221;top_left&#8221; background_repeat=&#8221;repeat&#8221; custom_padding=&#8221;0px||||false|false&#8221; locked=&#8221;on&#8221; collapsed=&#8221;on&#8221; global_colors_info=&#8221;{}&#8221;][et_pb_column type=&#8221;1_3&#8243; _builder_version=&#8221;4.16&#8243; custom_padding=&#8221;|||&#8221; global_colors_info=&#8221;{}&#8221; custom_padding__hover=&#8221;|||&#8221;][\/et_pb_column][et_pb_column type=&#8221;1_3&#8243; _builder_version=&#8221;4.16&#8243; vertical_offset=&#8221;-50px&#8221; custom_padding=&#8221;|||&#8221; global_colors_info=&#8221;{}&#8221; custom_padding__hover=&#8221;|||&#8221;][et_pb_code admin_label=&#8221;Code &#8211; Maus&#8221; _builder_version=&#8221;4.16&#8243; custom_margin=&#8221;-50px||||false|false&#8221; custom_padding=&#8221;||||false|false&#8221; custom_css_main_element=&#8221;margin-top: 170px;&#8221; global_colors_info=&#8221;{}&#8221;]<\/p>\n<div class=\"mouse\"><\/div>\n<p><!-- [et_pb_line_break_holder] --><!-- [et_pb_line_break_holder] -->[\/et_pb_code][\/et_pb_column][et_pb_column type=&#8221;1_3&#8243; _builder_version=&#8221;4.16&#8243; custom_padding=&#8221;|||&#8221; global_colors_info=&#8221;{}&#8221; custom_padding__hover=&#8221;|||&#8221;][\/et_pb_column][\/et_pb_row][et_pb_row column_structure=&#8221;1_3,2_3&#8243; admin_label=&#8221;Zeile &#8211; Inhalt&#8221; _builder_version=&#8221;4.16&#8243; background_size=&#8221;initial&#8221; background_position=&#8221;top_left&#8221; background_repeat=&#8221;repeat&#8221; custom_margin=&#8221;||0px||false|false&#8221; custom_padding=&#8221;||0px||false|false&#8221; global_colors_info=&#8221;{}&#8221;][et_pb_column type=&#8221;1_3&#8243; _builder_version=&#8221;4.16&#8243; custom_padding=&#8221;|||&#8221; global_colors_info=&#8221;{}&#8221; custom_padding__hover=&#8221;|||&#8221;][et_pb_text admin_label=&#8221;Text &#8211; Season 2024-25&#8243; _builder_version=&#8221;4.27.5&#8243; link_text_color=&#8221;#dbb749&#8243; header_text_color=&#8221;#ffffff&#8221; custom_padding=&#8221;||50px||false|false&#8221; scroll_vertical_motion=&#8221;0|100|100|100|4|0|-4&#8243; global_colors_info=&#8221;{}&#8221;]<\/p>\n<h1>Season 2025-26<\/h1>\n<p>Faroese Symphony Orchestra (Music Director from 2026)<br \/>Orchestre National de Bordeaux Aquitaine<br \/>Jury member, Besan\u00e7on competition<br \/>Berlin Youth Orchestra<br \/>OFUNAM Mexico City<br \/>OJUEM Mexico City<br \/>Orchestre Victor Hugo Besan\u00e7on<br \/>Orquesta Filarm\u00f3nica de Jalisco<br \/>CBSO wind ensemble<br \/>Orchestre de Chambre Nouvelle-Aquitaine<br \/>Deutsches Sinfonieorchester Berlin<br \/>Underground Youth Orchestra, Athens<br \/>Mexico City Philharmonic<br \/>Boreo Fest, Chihuahua, Mexico<br \/>Ensemble Musikfabrik<br \/>Jury member, Forum Dirigieren<br \/>Mitteldeutsche Kammerphilharmonie\u00a0<br \/>Munich Chamber Orchestra<br \/>Bilbao Orkestra Sinfonikoa<br \/>Musikhochschule L\u00fcbeck, Symphony Orchestra<br \/>Orquestra Simf\u00f2nica del Vall\u00e8s<br \/>Musikhochschule Lucerne, Ensemble for New Music<br \/>Orquesta Sinf\u00f3nica de Xalapa<br \/>Philharmonie S\u00fcdwestfalen<br \/>Brandenburgisches Staatsorchester Frankfurt<br \/>Ensemble Mosaik<br \/>Orquestra do Paran\u00e1 (Brazil)<br \/>Amicus Orchestra<\/p>\n<p>&nbsp;<\/p>\n<p>[\/et_pb_text][et_pb_text admin_label=&#8221;Text &#8211; Die n\u00e4chsten Termine&#8221; _builder_version=&#8221;4.27.5&#8243; link_text_color=&#8221;#dbb749&#8243; header_text_color=&#8221;#FFFFFF&#8221; header_5_text_color=&#8221;#ffffff&#8221; header_5_font_size=&#8221;21px&#8221; custom_padding=&#8221;||100px||false|false&#8221; scroll_vertical_motion=&#8221;0|100|100|100|4|0|-4&#8243; hover_enabled=&#8221;0&#8243; global_colors_info=&#8221;{}&#8221; sticky_enabled=&#8221;0&#8243;]<\/p>\n<h1>Next concerts<\/h1>\n<p>&nbsp;<\/p>\n<h5>23rd April 2026, 7.30pm<\/h5>\n<p>Palacio Euskalduna, Bilbao<br \/>Vaughan Williams: &#8220;The Wasps&#8221; Overture<br \/>Lalo: Symphonie Espagnole<br \/>&#8211; Soloist: Ellinor D&#8217;Melon<br \/>Vaughan Williams: Symphony No. 2<br \/><a href=\"https:\/\/www.bilbaorkestra.eus\/conciertos\/londres-y-la-symphonie-espagnole\/#tab-1\">Bilbao Orkestra Sinfonikoa<\/a><\/p>\n<h5>24th April 2026, 7.30pm<\/h5>\n<p>Palacio Euskalduna, Bilbao<br \/>Vaughan Williams: &#8220;The Wasps&#8221; Overture<br \/>Lalo: Symphonie Espagnole<br \/>&#8211; Soloist: Ellinor D&#8217;Melon<br \/>Vaughan Williams: Symphony No. 2<br \/><a href=\"https:\/\/www.bilbaorkestra.eus\/conciertos\/londres-y-la-symphonie-espagnole\/#tab-1\">Bilbao Orkestra Sinfonikoa<\/a><\/p>\n<h5>2nd May 2026, 7.30pm<\/h5>\n<p>L\u00fcbeck Music College, Concert hall<br \/>Beethoven: Overture &#8220;Leonore&#8221; No. 3<br \/>Proske: Ziehen (first performance)<br \/>Rodrigo: Concierto de Aranjuez<br \/>&#8211; Soloist: Otto Tolonen<br \/>Brahms: Symphony No. 3<br \/><a href=\"https:\/\/www.mh-luebeck.de\/veranstaltung\/sinfoniekonzert-1\">Sinfonieorchester der Musikhochschule L\u00fcbeck<\/a><\/p>\n<h5>3rd May 2026, 5pm<\/h5>\n<p>L\u00fcbeck Music College, Concert hall<br \/>Beethoven: Overture &#8220;Leonore&#8221; No. 3<br \/>Proske: Ziehen (first performance)<br \/>Rodrigo: Concierto de Aranjuez<br \/>&#8211; Soloist: Otto Tolonen<br \/>Brahms: Symphony No. 3<br \/><a href=\"https:\/\/www.mh-luebeck.de\/veranstaltung\/sinfoniekonzert-0\">Sinfonieorchester der Musikhochschule L\u00fcbeck<\/a><\/p>\n<h5>9th May 2026, 6.30pm<\/h5>\n<p>Palau de la M\u00fasica Catalana<br \/>Auerbach: Sogno di Stabat Mater<br \/>Rachmaninov: Variations on a Theme of Paganini<br \/>&#8211; Soloist: Artem Kusnetzov<br \/>Stravinsky: Pulcinella Suite<br \/>Tchaikovsky: Capriccio Italien<br \/><a href=\"https:\/\/www.osvalles.com\/en\/programme\/c\/516-rachmaninov-variations-tchaikovskys-italian-c.html\">Orquestra Simf\u00f2nica del Vall\u00e8s, Barcelona<\/a><\/p>\n<p>&nbsp;<\/p>\n<p>&nbsp;<\/p>\n<p>&nbsp;<\/p>\n<p>&nbsp;<\/p>\n<p>&nbsp;<\/p>\n<p>&nbsp;<\/p>\n<p>&nbsp;<\/p>\n<p>&nbsp;<\/p>\n<p>&nbsp;<\/p>\n<p>&nbsp;<\/p>\n<h5>\u00a0<\/h5>\n<p>&nbsp;<\/p>\n<p>&nbsp;<\/p>\n<p>[\/et_pb_text][\/et_pb_column][et_pb_column type=&#8221;2_3&#8243; _builder_version=&#8221;4.16&#8243; custom_padding=&#8221;|||&#8221; global_colors_info=&#8221;{}&#8221; custom_padding__hover=&#8221;|||&#8221;][et_pb_text admin_label=&#8221;Text &#8211; Biografie&#8221; _builder_version=&#8221;4.27.4&#8243; header_text_color=&#8221;#dbb749&#8243; scroll_vertical_motion=&#8221;0|50|50|100|2|0|-2&#8243; global_colors_info=&#8221;{}&#8221;]<\/p>\n<h1>Catherine Larsen-Maguire<\/h1>\n<p>After a successful career as a bassoonist, which included ten years as principal at the Komische Oper Berlin, Catherine Larsen-Maguire turned her focus to conducting in 2012, and has since then become a sought-after conductor and a regular visitor to orchestras and ensembles in many parts of the world.<br \/>\nIn June 2023 she was named as the first Music Director of the National Youth Orchestras of Scotland, a position she held for two years, and in January 2026 she will commence a four-year period as Music Director of the Faroese Symphony Orchestra.<br \/>\nHighlights of recent seasons include concerts with the London Philharmonic, Royal Northern Sinfonia, BBC National Orchestra of Wales, the Berlin Radio Symphony Orchestra, the Orchestre du Capitole de Toulouse, the Orchestre de Chambre de Paris, the Orquesta Sinf\u00f3nica de Galicia, the Hong Kong Sinfonietta, the Jerusalem Symphony Orchestra, the Orchestre de Chambre de Gen\u00e8ve, and a new production of &#8220;Don Giovanni&#8221; at the Mecklenburg State Theatre in Schwerin.<br \/>\nThe season 2025-26 sees debuts with, among others, the Orchestre National de Bordeaux, the Deutsches Sinfonieorchester Berlin, the Munich Chamber Orchestra, the Bilbao Symphony Orchestra and the Simf\u00f2nica del Vall\u00e8s in Barcelona.<\/p>\n<p>Catherine also has a special interest in contemporary music, and has directed the first performances of numerous works, including Alexander Goehr\u2019s last orchestral work, \u201cThe Master Said\u201d, with the BBC National Orchestra of Wales. Other ensembles with which Catherine has collaborated include Ensemble Musikfabrik, Ensemble Ascolta, Klangforum Wien, the Royal Liverpool Philharmonic 10:10 Ensemble and the Birmingham Contemporary Music Group. In September 2021 she made her debut with Ensemble Modern at the Berlin Music Festival, and in April 2022 she conducted a joint project with the Scottish Ensemble, Ensemble Resonanz and the Trondheim Soloists in the Barrowland Ballroom Glasgow.<\/p>\n<p>With a passion for mentoring the next generation of musicians, and placing great emphasis on working with young people both as conductor and educator, Catherine has given masterclasses in Germany, the UK, Mexico, Brazil, Israel and Spain, serves regularly as a jury member for conducting competitions, and was a guest professor at the University of the Arts in Berlin. Youth orchestras she has worked with include the Young Israel Philharmonic, the Orchestra of the Colburn Conservatory in Los Angeles, the Underground Youth Orchestra in Athens, the Berlin Youth Orchestra and the Eduardo Mata Youth Orchestra in Mexico City.<\/p>\n<p>Born in Manchester and now based in Berlin, Catherine read music at Cambridge University and studied the bassoon at the Royal Academy of Music in London, with Klaus Thunemann in Hanover, and at the Karajan Academy in Berlin, playing regularly in the Berlin Philharmonic during this time. Important influences on the development of her conducting career were John Carewe, George Hurst and Vladimir Jurowski, whom she assisted on several occasions early in her career.<br \/>\n[\/et_pb_text][et_pb_button button_url=&#8221;@ET-DC@eyJkeW5hbWljIjp0cnVlLCJjb250ZW50IjoicG9zdF9saW5rX3VybF9wYWdlIiwic2V0dGluZ3MiOnsicG9zdF9pZCI6IjQwMSIsImVuYWJsZV9odG1sIjoib2ZmIn19@&#8221; button_text=&#8221;more&#8221; _builder_version=&#8221;4.16&#8243; _dynamic_attributes=&#8221;button_url&#8221; locked=&#8221;on&#8221; global_colors_info=&#8221;{}&#8221;][\/et_pb_button][et_pb_text admin_label=&#8221;Text &#8211; Footernavigation (Fixiert)&#8221; _builder_version=&#8221;4.16&#8243; link_text_color=&#8221;#a3977a&#8221; link_font_size=&#8221;14px&#8221; background_enable_color=&#8221;off&#8221; use_background_color_gradient=&#8221;on&#8221; background_color_gradient_type=&#8221;circular&#8221; background_color_gradient_stops=&#8221;rgba(61,61,61,0.57) 10%|#000000 60%&#8221; background_color_gradient_start=&#8221;rgba(61,61,61,0.57)&#8221; background_color_gradient_start_position=&#8221;10%&#8221; background_color_gradient_end=&#8221;#000000&#8243; background_color_gradient_end_position=&#8221;60%&#8221; positioning=&#8221;fixed&#8221; position_origin_a=&#8221;bottom_center&#8221; position_origin_f=&#8221;bottom_center&#8221; position_origin_r=&#8221;bottom_right&#8221; vertical_offset=&#8221;0px&#8221; horizontal_offset=&#8221;-55%&#8221; z_index=&#8221;10000&#8243; width=&#8221;100%&#8221; max_width=&#8221;100%&#8221; custom_margin=&#8221;50px||||false|false&#8221; custom_padding=&#8221;||||false|false&#8221; animation_direction=&#8221;bottom&#8221; global_module=&#8221;2365&#8243; saved_tabs=&#8221;all&#8221; locked=&#8221;on&#8221; global_colors_info=&#8221;{}&#8221; link_text_color__hover_enabled=&#8221;on|desktop&#8221; link_text_color__hover=&#8221;#dbb749&#8243;]<\/p>\n<p style=\"text-align: center\"><a href=\"https:\/\/larsen-maguire.com\/english\/contact\/\" title=\"Contact\">Contact<\/a> \u00a0 \u00a0<a href=\"https:\/\/larsen-maguire.com\/english\/legal-notice\/\" title=\"Legal Notice\">Legal Notice<\/a> \u00a0 \u00a0<a href=\"https:\/\/larsen-maguire.com\/english\/privacy-note\/\" title=\"Privacy Note\">Privacy Note<\/a><\/p>\n<p>[\/et_pb_text][\/et_pb_column][\/et_pb_row][\/et_pb_section]<\/p>\n","protected":false},"excerpt":{"rendered":"<p>23rd and 24th April 2026Season 2025-26 Faroese Symphony Orchestra (Music Director from 2026)Orchestre National de Bordeaux AquitaineJury member, Besan\u00e7on competitionBerlin Youth OrchestraOFUNAM Mexico CityOJUEM Mexico CityOrchestre Victor Hugo Besan\u00e7onOrquesta Filarm\u00f3nica de JaliscoCBSO wind ensembleOrchestre de Chambre Nouvelle-AquitaineDeutsches Sinfonieorchester BerlinUnderground Youth Orchestra, AthensMexico City PhilharmonicBoreo Fest, Chihuahua, MexicoEnsemble MusikfabrikJury member, Forum DirigierenMitteldeutsche Kammerphilharmonie\u00a0Munich Chamber OrchestraBilbao Orkestra [&hellip;]<\/p>\n","protected":false},"author":4,"featured_media":0,"parent":0,"menu_order":0,"comment_status":"open","ping_status":"closed","template":"","meta":{"_et_pb_use_builder":"on","_et_pb_old_content":"","_et_gb_content_width":"","footnotes":""},"class_list":["post-361","page","type-page","status-publish","hentry"],"yoast_head":"<!-- This site is optimized with the Yoast SEO plugin v27.0 - https:\/\/yoast.com\/product\/yoast-seo-wordpress\/ -->\n<title>Catherine Larsen-Maguire<\/title>\n<meta name=\"description\" content=\"Catherine Larsen-Maguire based in Berlin, where she is guest professor of conducting at the University of the Arts.\" \/>\n<meta name=\"robots\" content=\"index, follow, max-snippet:-1, max-image-preview:large, max-video-preview:-1\" \/>\n<link rel=\"canonical\" href=\"https:\/\/larsen-maguire.com\/english\/\" \/>\n<meta property=\"og:locale\" content=\"en_US\" \/>\n<meta property=\"og:type\" content=\"article\" \/>\n<meta property=\"og:title\" content=\"Catherine Larsen-Maguire\" \/>\n<meta property=\"og:description\" content=\"Catherine Larsen-Maguire based in Berlin, where she is guest professor of conducting at the University of the Arts.\" \/>\n<meta property=\"og:url\" content=\"https:\/\/larsen-maguire.com\/english\/\" \/>\n<meta property=\"og:site_name\" content=\"english\" \/>\n<meta property=\"article:modified_time\" content=\"2026-04-16T18:35:19+00:00\" \/>\n<meta name=\"twitter:label1\" content=\"Est. reading time\" \/>\n\t<meta name=\"twitter:data1\" content=\"4 minutes\" \/>\n<script type=\"application\/ld+json\" class=\"yoast-schema-graph\">{\"@context\":\"https:\/\/schema.org\",\"@graph\":[{\"@type\":\"WebPage\",\"@id\":\"https:\/\/larsen-maguire.com\/english\/\",\"url\":\"https:\/\/larsen-maguire.com\/english\/\",\"name\":\"Catherine Larsen-Maguire\",\"isPartOf\":{\"@id\":\"https:\/\/larsen-maguire.com\/english\/#website\"},\"datePublished\":\"2015-04-23T11:38:33+00:00\",\"dateModified\":\"2026-04-16T18:35:19+00:00\",\"description\":\"Catherine Larsen-Maguire based in Berlin, where she is guest professor of conducting at the University of the Arts.\",\"breadcrumb\":{\"@id\":\"https:\/\/larsen-maguire.com\/english\/#breadcrumb\"},\"inLanguage\":\"en-US\",\"potentialAction\":[{\"@type\":\"ReadAction\",\"target\":[\"https:\/\/larsen-maguire.com\/english\/\"]}]},{\"@type\":\"BreadcrumbList\",\"@id\":\"https:\/\/larsen-maguire.com\/english\/#breadcrumb\",\"itemListElement\":[{\"@type\":\"ListItem\",\"position\":1,\"name\":\"Home\",\"item\":\"https:\/\/larsen-maguire.com\/english\/\"},{\"@type\":\"ListItem\",\"position\":2,\"name\":\"Home\"}]},{\"@type\":\"WebSite\",\"@id\":\"https:\/\/larsen-maguire.com\/english\/#website\",\"url\":\"https:\/\/larsen-maguire.com\/english\/\",\"name\":\"english\",\"description\":\"Catherine Larsen-Maguire\",\"publisher\":{\"@id\":\"https:\/\/larsen-maguire.com\/english\/#\/schema\/person\/fb937f3e64a202ec098731225ef4bb55\"},\"potentialAction\":[{\"@type\":\"SearchAction\",\"target\":{\"@type\":\"EntryPoint\",\"urlTemplate\":\"https:\/\/larsen-maguire.com\/english\/?s={search_term_string}\"},\"query-input\":{\"@type\":\"PropertyValueSpecification\",\"valueRequired\":true,\"valueName\":\"search_term_string\"}}],\"inLanguage\":\"en-US\"},{\"@type\":[\"Person\",\"Organization\"],\"@id\":\"https:\/\/larsen-maguire.com\/english\/#\/schema\/person\/fb937f3e64a202ec098731225ef4bb55\",\"name\":\"Catherine Larsen-Maguire\",\"image\":{\"@type\":\"ImageObject\",\"inLanguage\":\"en-US\",\"@id\":\"https:\/\/larsen-maguire.com\/english\/#\/schema\/person\/image\/\",\"url\":\"https:\/\/larsen-maguire.com\/english\/wp-content\/uploads\/sites\/3\/2020\/01\/CLM-Profilbild-Catherine-Larsen-Maguire.png\",\"contentUrl\":\"https:\/\/larsen-maguire.com\/english\/wp-content\/uploads\/sites\/3\/2020\/01\/CLM-Profilbild-Catherine-Larsen-Maguire.png\",\"width\":500,\"height\":500,\"caption\":\"Catherine Larsen-Maguire\"},\"logo\":{\"@id\":\"https:\/\/larsen-maguire.com\/english\/#\/schema\/person\/image\/\"},\"sameAs\":[\"http:\/\/larsen-maguire.com\"]}]}<\/script>\n<!-- \/ Yoast SEO plugin. -->","yoast_head_json":{"title":"Catherine Larsen-Maguire","description":"Catherine Larsen-Maguire based in Berlin, where she is guest professor of conducting at the University of the Arts.","robots":{"index":"index","follow":"follow","max-snippet":"max-snippet:-1","max-image-preview":"max-image-preview:large","max-video-preview":"max-video-preview:-1"},"canonical":"https:\/\/larsen-maguire.com\/english\/","og_locale":"en_US","og_type":"article","og_title":"Catherine Larsen-Maguire","og_description":"Catherine Larsen-Maguire based in Berlin, where she is guest professor of conducting at the University of the Arts.","og_url":"https:\/\/larsen-maguire.com\/english\/","og_site_name":"english","article_modified_time":"2026-04-16T18:35:19+00:00","twitter_misc":{"Est. reading time":"4 minutes"},"schema":{"@context":"https:\/\/schema.org","@graph":[{"@type":"WebPage","@id":"https:\/\/larsen-maguire.com\/english\/","url":"https:\/\/larsen-maguire.com\/english\/","name":"Catherine Larsen-Maguire","isPartOf":{"@id":"https:\/\/larsen-maguire.com\/english\/#website"},"datePublished":"2015-04-23T11:38:33+00:00","dateModified":"2026-04-16T18:35:19+00:00","description":"Catherine Larsen-Maguire based in Berlin, where she is guest professor of conducting at the University of the Arts.","breadcrumb":{"@id":"https:\/\/larsen-maguire.com\/english\/#breadcrumb"},"inLanguage":"en-US","potentialAction":[{"@type":"ReadAction","target":["https:\/\/larsen-maguire.com\/english\/"]}]},{"@type":"BreadcrumbList","@id":"https:\/\/larsen-maguire.com\/english\/#breadcrumb","itemListElement":[{"@type":"ListItem","position":1,"name":"Home","item":"https:\/\/larsen-maguire.com\/english\/"},{"@type":"ListItem","position":2,"name":"Home"}]},{"@type":"WebSite","@id":"https:\/\/larsen-maguire.com\/english\/#website","url":"https:\/\/larsen-maguire.com\/english\/","name":"english","description":"Catherine Larsen-Maguire","publisher":{"@id":"https:\/\/larsen-maguire.com\/english\/#\/schema\/person\/fb937f3e64a202ec098731225ef4bb55"},"potentialAction":[{"@type":"SearchAction","target":{"@type":"EntryPoint","urlTemplate":"https:\/\/larsen-maguire.com\/english\/?s={search_term_string}"},"query-input":{"@type":"PropertyValueSpecification","valueRequired":true,"valueName":"search_term_string"}}],"inLanguage":"en-US"},{"@type":["Person","Organization"],"@id":"https:\/\/larsen-maguire.com\/english\/#\/schema\/person\/fb937f3e64a202ec098731225ef4bb55","name":"Catherine Larsen-Maguire","image":{"@type":"ImageObject","inLanguage":"en-US","@id":"https:\/\/larsen-maguire.com\/english\/#\/schema\/person\/image\/","url":"https:\/\/larsen-maguire.com\/english\/wp-content\/uploads\/sites\/3\/2020\/01\/CLM-Profilbild-Catherine-Larsen-Maguire.png","contentUrl":"https:\/\/larsen-maguire.com\/english\/wp-content\/uploads\/sites\/3\/2020\/01\/CLM-Profilbild-Catherine-Larsen-Maguire.png","width":500,"height":500,"caption":"Catherine Larsen-Maguire"},"logo":{"@id":"https:\/\/larsen-maguire.com\/english\/#\/schema\/person\/image\/"},"sameAs":["http:\/\/larsen-maguire.com"]}]}},"_links":{"self":[{"href":"https:\/\/larsen-maguire.com\/english\/wp-json\/wp\/v2\/pages\/361","targetHints":{"allow":["GET"]}}],"collection":[{"href":"https:\/\/larsen-maguire.com\/english\/wp-json\/wp\/v2\/pages"}],"about":[{"href":"https:\/\/larsen-maguire.com\/english\/wp-json\/wp\/v2\/types\/page"}],"author":[{"embeddable":true,"href":"https:\/\/larsen-maguire.com\/english\/wp-json\/wp\/v2\/users\/4"}],"replies":[{"embeddable":true,"href":"https:\/\/larsen-maguire.com\/english\/wp-json\/wp\/v2\/comments?post=361"}],"version-history":[{"count":112,"href":"https:\/\/larsen-maguire.com\/english\/wp-json\/wp\/v2\/pages\/361\/revisions"}],"predecessor-version":[{"id":3642,"href":"https:\/\/larsen-maguire.com\/english\/wp-json\/wp\/v2\/pages\/361\/revisions\/3642"}],"wp:attachment":[{"href":"https:\/\/larsen-maguire.com\/english\/wp-json\/wp\/v2\/media?parent=361"}],"curies":[{"name":"wp","href":"https:\/\/api.w.org\/{rel}","templated":true}]}}