{"id":3318,"date":"2025-01-24T15:54:37","date_gmt":"2025-01-24T14:54:37","guid":{"rendered":"https:\/\/larsen-maguire.com\/english\/?page_id=3318"},"modified":"2025-01-24T15:57:46","modified_gmt":"2025-01-24T14:57:46","slug":"concerts-2024","status":"publish","type":"page","link":"https:\/\/larsen-maguire.com\/english\/concerts-2024\/","title":{"rendered":"Concerts 2024"},"content":{"rendered":"<p>[et_pb_section fb_built=&#8221;1&#8243; admin_label=&#8221;Sektion &#8211; Header: Konzerte Archiv&#8221; _builder_version=&#8221;4.16&#8243; background_color=&#8221;#3d3d3d&#8221; background_image=&#8221;https:\/\/larsen-maguire.com\/english\/wp-content\/uploads\/sites\/3\/2020\/03\/CLM-DSC02108.jpg&#8221; parallax=&#8221;on&#8221; custom_margin=&#8221;||||false|false&#8221; custom_padding=&#8221;0px||0px||false|false&#8221; locked=&#8221;off&#8221; collapsed=&#8221;on&#8221; global_colors_info=&#8221;{}&#8221;][et_pb_row column_structure=&#8221;1_3,2_3&#8243; use_custom_gutter=&#8221;on&#8221; gutter_width=&#8221;1&#8243; _builder_version=&#8221;4.16&#8243; z_index=&#8221;1&#8243; width=&#8221;100%&#8221; max_width=&#8221;2560px&#8221; custom_margin=&#8221;0px||0px||true|false&#8221; custom_padding=&#8221;0px||0px||true|false&#8221; animation_style=&#8221;slide&#8221; animation_direction=&#8221;left&#8221; animation_duration=&#8221;1500ms&#8221; animation_delay=&#8221;500ms&#8221; global_colors_info=&#8221;{}&#8221;][et_pb_column type=&#8221;1_3&#8243; _builder_version=&#8221;4.16&#8243; background_color=&#8221;rgba(0,0,0,0.5)&#8221; custom_padding=&#8221;0px||0px||true|false&#8221; global_colors_info=&#8221;{}&#8221;][et_pb_post_title meta=&#8221;off&#8221; featured_image=&#8221;off&#8221; admin_label=&#8221;Posttitel&#8221; _builder_version=&#8221;4.16&#8243; title_text_align=&#8221;right&#8221; title_text_color=&#8221;#dbb749&#8243; title_font_size=&#8221;60px&#8221; module_alignment=&#8221;left&#8221; custom_margin=&#8221;280px||180px||false|false&#8221; custom_padding=&#8221;|10%||10%|false|true&#8221; title_font_size_tablet=&#8221;50px&#8221; title_font_size_phone=&#8221;40px&#8221; title_font_size_last_edited=&#8221;on|phone&#8221; global_colors_info=&#8221;{}&#8221;][\/et_pb_post_title][\/et_pb_column][et_pb_column type=&#8221;2_3&#8243; _builder_version=&#8221;4.16&#8243; custom_padding=&#8221;||||false|true&#8221; global_colors_info=&#8221;{}&#8221;][\/et_pb_column][\/et_pb_row][\/et_pb_section][et_pb_section fb_built=&#8221;1&#8243; admin_label=&#8221;section&#8221; _builder_version=&#8221;4.16&#8243; background_color=&#8221;#3d3d3d&#8221; use_background_color_gradient=&#8221;on&#8221; background_color_gradient_type=&#8221;circular&#8221; background_color_gradient_direction_radial=&#8221;top&#8221; background_color_gradient_stops=&#8221;#3d3d3d 0%|#000000 100%&#8221; background_color_gradient_overlays_image=&#8221;on&#8221; background_color_gradient_start=&#8221;#3d3d3d&#8221; background_color_gradient_end=&#8221;#000000&#8243; locked=&#8221;off&#8221; global_colors_info=&#8221;{}&#8221;][et_pb_row column_structure=&#8221;3_4,1_4&#8243; admin_label=&#8221;row&#8221; _builder_version=&#8221;4.16&#8243; background_size=&#8221;initial&#8221; background_position=&#8221;top_left&#8221; background_repeat=&#8221;repeat&#8221; global_colors_info=&#8221;{}&#8221;][et_pb_column type=&#8221;3_4&#8243; _builder_version=&#8221;4.16&#8243; custom_padding=&#8221;|||&#8221; global_colors_info=&#8221;{}&#8221; custom_padding__hover=&#8221;|||&#8221;][et_pb_text admin_label=&#8221;Text &#8211; Termine 2025&#8243; _builder_version=&#8221;4.27.4&#8243; link_text_color=&#8221;#dbb749&#8243; header_5_text_color=&#8221;#ffffff&#8221; header_5_font_size=&#8221;21px&#8221; background_size=&#8221;initial&#8221; background_position=&#8221;top_left&#8221; background_repeat=&#8221;repeat&#8221; module_alignment=&#8221;left&#8221; height=&#8221;80%&#8221; max_height=&#8221;80%&#8221; overflow-x=&#8221;scroll&#8221; hover_enabled=&#8221;0&#8243; use_border_color=&#8221;off&#8221; locked=&#8221;off&#8221; global_colors_info=&#8221;{}&#8221; sticky_enabled=&#8221;0&#8243;]<\/p>\n<h5>29th January 2024, 8pm<\/h5>\n<p>Megaron, Athens<br \/>Konsolakis: Zlata (first performance)<br \/>Beethoven: Triple concerto<br \/>Brahms: Symphony No. 2<br \/><a href=\"https:\/\/www.uyo.gr\/en\/synavlies-draseis\/\">Underground Youth Orchestra, Athens<\/a><\/p>\n<h5>10th February 2024, 8pm<\/h5>\n<p>Sala Nezahualc\u00f3yotl<br \/>Olmedo: Overture &#8220;Luisa&#8221;<br \/>Grieg: Piano concerto<br \/>Holst: The Planets<br \/><a href=\"https:\/\/musica.unam.mx\/calendario\/evento\/31415\/\">OFUNAM Mexico City<\/a><\/p>\n<h5>11th February 2024, 12pm<\/h5>\n<p>Sala Nezahualc\u00f3yotl<br \/>Olmedo: Overture &#8220;Luisa&#8221;<br \/>Grieg: Piano concerto<br \/>Holst: The Planets<br \/><a href=\"https:\/\/musica.unam.mx\/calendario\/evento\/31415\/\">OFUNAM Mexico City<\/a><\/p>\n<h5>21st February 2024, 12pm<\/h5>\n<p>Barbican Centre, London<br \/>Holst: The Planets<br \/><a href=\"https:\/\/www.lso.co.uk\/learn-and-discover\/activities-for-schools-and-teachers\/\">London Symphony Orchestra &#8211; Schools&#8217; concert<\/a><\/p>\n<h5>22. Februar 2024, 18.15 Uhr<\/h5>\n<p>Symphony Hall, Birmingham<br \/>Bernstein: Three Dance Episodes from &#8220;On The Town&#8221;<br \/>Bernstein: Divertimento<br \/><a href=\"https:\/\/www.bcu.ac.uk\/conservatoire\/events-calendar\/pre-cbso-showcase-22-02-2024\">Royal Birmingham Conservatoire Symphony Orchestra<\/a><\/p>\n<h5>8th March 2024, 7pm<\/h5>\n<p>Aula Magna UCR<br \/>Milhaud: La Cr\u00e9ation du Monde<br \/>Stravinsky: Danses concertantes<br \/>Ibert: Divertissement<br \/><a href=\"http:\/\/sinfonicadeheredia.com\">Orquesta Sinf\u00f3nica de Heredia, Costa Rica<\/a><\/p>\n<h5>16th March 2024, 7.30pm<\/h5>\n<p>Nordic House, Faroe Islands<br \/>Dvorak: Cello concerto<br \/>&#8211; Soloist: Andreas Brantelid<br \/>Bruckner: Symphony No. 4<br \/><a href=\"https:\/\/www.fso.fo\/varkonsertin-2024\/\">Faroese Symphony Orchestra<\/a><\/p>\n<h5>5th April 2024, 7.30pm<\/h5>\n<p>Aberdeen Concert Hall<br \/>Gershwin: Rhapsody in Blue<br \/>Bernstein: Symphonic Dances from West \u00a0 \u00a0 Side Story<br \/>Higdon: Concerto for Orchestra<br \/><a href=\"https:\/\/www.nyos.co.uk\/performances\/\">National Youth Orchestra of Scotland<\/a><\/p>\n<h5>6th April 2024, 7.30pm<\/h5>\n<p>Glasgow Royal Concert Hall<br \/>Gershwin: Rhapsody in Blue<br \/>Bernstein: Symphonic Dances from West \u00a0 \u00a0 Side Story<br \/>Higdon: Concerto for Orchestra<br \/><a href=\"https:\/\/www.nyos.co.uk\/performances\/\">National Youth Orchestra of Scotland<\/a><\/p>\n<h5>19th April 2024, 8pm<\/h5>\n<p>Casa do OSPA<br \/>Bernstein: Candide Overture<br \/>Gershwin: Rhapsody in Blue<br \/>Copland: Symphony Nr. 3<br \/><a href=\"https:\/\/ospa.rs.gov.br\/rhapsody-in-blue\">OSPA Brazil<\/a><\/p>\n<h5>25th April 2024, 7.30pm<\/h5>\n<p>Baluarte, Pamplona<br \/>Rautavaara: Cantus Arcticus<br \/>Chopin: Piano concerto No. 2<br \/>&#8211; Soloist: Mart\u00edn Garc\u00eda Garc\u00eda<br \/>Tchaikovsky: Symphony No. 1<br \/><a href=\"https:\/\/www.orquestadenavarra.es\/conciertos\/?idEvento=3782\">Orquesta Sinf\u00f3nica de Navarra<\/a><\/p>\n<h5>26th April 2024, 7.30pm<\/h5>\n<p>Kulturgunea, Tafalla<br \/>Rautavaara: Cantus Arcticus<br \/>Chopin: Piano concerto No. 2<br \/>&#8211; Soloist: Mart\u00edn Garc\u00eda Garc\u00eda<br \/>Tchaikovsky: Symphony No. 1<br \/><a href=\"https:\/\/www.orquestadenavarra.es\/conciertos\/?idEvento=3783\">Orquesta Sinf\u00f3nica de Navarra<\/a><\/p>\n<h5>4th May 2024, 5pm<\/h5>\n<p>Musikhochschule L\u00fcbeck<br \/>Ravel: La Valse<br \/>Martinu: Oboe concerto<br \/>&#8211; Soloist: S\u00e9rgio Sanchez<br \/>Berio: Sinfonia, 3rd mvt<br \/>Strauss: Rosenkavalier Suite<br \/><a href=\"https:\/\/www.mh-luebeck.de\/veranstaltungen\/brahms-festival\/sinfoniekonzert\/\">MHL Symphony Orchestra<\/a><\/p>\n<h5>5th May 2024, 5pm<\/h5>\n<p>Musikhochschule L\u00fcbeck<br \/>Ravel: La Valse<br \/>Martinu: Oboe concerto<br \/>&#8211; Soloist: S\u00e9rgio Sanchez<br \/>Berio: Sinfonia, 3rd mvt<br \/>Strauss: Rosenkavalier Suite<br \/><a href=\"https:\/\/www.mh-luebeck.de\/veranstaltungen\/brahms-festival\/sinfoniekonzert\/\">MHL Symphony Orchestra<\/a><\/p>\n<h5>16th May 2024, 8.30pm<\/h5>\n<p>Saujon<br \/>Brice Pauset: New work<br \/>Poulenc: Concert champetre<br \/>&#8211; Soloist: Maude Gratton<br \/>Haydn: Symphony No. 104<br \/><a href=\"https:\/\/www.ocna.fr\/programmes\/a-la-croisee-des-temps\">Orchestre de Chambre Nouvelle-Aquitaine<\/a><\/p>\n<h5>1st June 2024, 8pm<\/h5>\n<p>Hong Kong City Hall Concert Hall<br \/>Charlotte Bray: Where Icebergs Dance \u00a0 \u00a0 Away<br \/>Sibelius: Violin concerto<br \/>&#8211; Soloist: Liya Petrova<br \/>Alexander Goehr: The Master Said<br \/><a href=\"https:\/\/hksl.org\/concert\/great-violin-concertos-liya-petrova-plays-sibelius\/\">Hong Kong Sinfonietta<\/a><\/p>\n<h5>16th June 2024, 8pm<\/h5>\n<p>Pancevo, Serbien<br \/>Shostakovich: The New Babylon<br \/>Orchestra of the ClassicFest Pancevo<\/p>\n<h5>28th June 2024, 8pm<\/h5>\n<p>Auditorio del Estado, Guanajuato, Mexico<br \/>Revueltas: Sensemay\u00e1<br \/>Agudelo: Parajes de la memoria<br \/>Holst: The Planets<br \/><a href=\"https:\/\/www.cultura.ugto.mx\/eventos\/programa-12\">OSUG<\/a><\/p>\n<h5>5th, 6th, 7th July 2024<\/h5>\n<p>Mecklenburgisches Staatstheater Schwerin<br \/>Vaughan Williams: Fantasia on a Theme of Thomas Tallis<br \/>Britten: Four Sea Interludes<br \/>Elgar: Enigma Variations<br \/><a href=\"https:\/\/www.mecklenburgisches-staatstheater.de\/programm\/id-7-sinfoniekonzert-2023002433\/am\/05-Juli-2024-um-18-00.html\">Mecklenburgische Staatskapelle Schwerin<\/a><\/p>\n<h5>21st July 2024<\/h5>\n<p>Stuttgart<br \/>Ensemble Ascolta<\/p>\n<h5>13th, 15th, 21st September 2024<\/h5>\n<p>Mecklenburgisches Staatstheater Schwerin<br \/>Mozart: Don Giovanni<br \/><a href=\"https:\/\/www.mecklenburgisches-staatstheater.de\/programm\/don-giovanni.html\">Mecklenburgische Staatskapelle Schwerin<\/a><\/p>\n<h5>5th October 2024, 6pm<\/h5>\n<p>Halle aux Grains, Toulouse<br \/>Rossini: Overture to &#8220;William Tell&#8221;<br \/>Tchaikovsky: Rococo Variations<br \/>&#8211; Soloist: Pierre Gil<br \/>Haydn: Symphony No. 13<br \/><a href=\"https:\/\/onct.toulouse.fr\/agenda\/happy-hour-avec-le-violoncelle-2\/\">L&#8217;Orchestre national du Capitole de Toulouse<\/a><\/p>\n<h5>19th October 2024, 7.45pm<\/h5>\n<p>St. George&#8217;s, Bristol<br \/>Prokofiev: Symphony No. 1 (&#8220;Classical&#8221;)<br \/>Beethoven: Piano concerto No. 5<br \/>&#8211; Soloist: Llyr Williams<br \/>Mozart: Symphony No. 40<br \/><a href=\"https:\/\/www.bhco.co.uk\/event-details\/autumn-concert-2024\">Brandon Hill Chamber Orchestra<\/a><\/p>\n<h5>31st October 2024, 7pm<\/h5>\n<p>Philharmonie Essen<br \/>Steinke: Der Sandman<br \/>&#8211; Narrator: Gerhard Mohr<br \/><a href=\"https:\/\/www.theater-essen.de\/programm\/kalender\/der-sandmann-125469\/1579\/\">Ensemble Ascolta<\/a><\/p>\n<h5>5th November 2024, 7.30pm<\/h5>\n<p>Mecklenburgisches Staatstheater Schwerin<br \/>Mozart: Don Giovanni<br \/><a href=\"https:\/\/www.mecklenburgisches-staatstheater.de\/programm\/don-giovanni.html\">Mecklenburgische Staatskapelle Schwerin<\/a><\/p>\n<h5>13th and 14th November 2024<\/h5>\n<p>Barbican Centre, London<br \/>Holst: The Planets<br \/><a href=\"https:\/\/www.lso.co.uk\/learn-and-discover\/activities-for-schools-and-teachers\/schools-concerts\/\">London Symphony Orchestra &#8211; Schools&#8217; concerts<\/a><\/p>\n<h5>22nd November 2024, 7.30pm<\/h5>\n<p>Dr.-Tolberg-Saal, Sch\u00f6nebeck<br \/>Haydn: Symphony No. 60<br \/>Anna Clyne: Sound and Fury<br \/>Mozart: Symphony No. 39<br \/><a href=\"https:\/\/mitteldeutsche-kammerphilharmonie.de\/spielplan\/?programm_id=939715\">Mitteldeutsche Kammerphilharmonie Sch\u00f6nebeck<\/a><\/p>\n<h5>24th November 2024, 5pm<\/h5>\n<p>Weber-Theater, Bernburg<br \/>Haydn: Symphony No. 60<br \/>Anna Clyne: Sound and Fury<br \/>Mozart: Symphony No. 39<br \/><a href=\"https:\/\/mitteldeutsche-kammerphilharmonie.de\/spielplan\/?programm_id=854694\">Mitteldeutsche Kammerphilharmonie Sch\u00f6nebeck<\/a><\/p>\n<h5>3rd December 2024, 7.30pm<\/h5>\n<p>Theater Solingen<br \/>Helen Grime: Virga<br \/>MacMillan: Oboe concerto<br \/>&#8211; Soloist: C\u00e9line Moinet<br \/>Vaughan Williams: Symphony No. 2<br \/><a href=\"https:\/\/www.bergischesymphoniker.de\/konzert\/4-philharmonisches-konzert-455017292\/\">Bergische Symphoniker<\/a><\/p>\n<h5>4th December 2024, 7.30pm<\/h5>\n<p>Teo Otto Theater Remscheid<br \/>Helen Grime: Virga<br \/>MacMillan: Oboe concerto<br \/>&#8211; Soloist: C\u00e9line Moinet<br \/>Vaughan Williams: Symphony No. 2<br \/><a href=\"https:\/\/www.bergischesymphoniker.de\/konzert\/4-philharmonisches-konzert-455017388\/\">Bergische Symphoniker<\/a><\/p>\n<h5>15th December 2024, 8pm<\/h5>\n<p>Athens Conservatory<br \/>Shostakovich: Festive Overture<br \/>Mozart: Flute concerto in G major<br \/>Tchaikovsky: Symphony No. 5<br \/><a href=\"https:\/\/www.uyo.gr\/en\/catherine-larsen-maguire-the-underground-youth-orchestra\/\">Underground Youth Orchestra, Athens<\/a><\/p>\n<p>[\/et_pb_text][\/et_pb_column][et_pb_column type=&#8221;1_4&#8243; _builder_version=&#8221;4.16&#8243; custom_padding=&#8221;|||&#8221; global_colors_info=&#8221;{}&#8221; custom_padding__hover=&#8221;|||&#8221;][et_pb_text admin_label=&#8221;Text &#8211; Concerts Menue&#8221; _builder_version=&#8221;4.27.4&#8243; link_text_color=&#8221;#dbb749&#8243; background_size=&#8221;initial&#8221; background_position=&#8221;top_left&#8221; background_repeat=&#8221;repeat&#8221; module_alignment=&#8221;left&#8221; use_border_color=&#8221;off&#8221; border_color=&#8221;#ffffff&#8221; border_style=&#8221;solid&#8221; global_module=&#8221;1676&#8243; saved_tabs=&#8221;all&#8221; locked=&#8221;off&#8221; global_colors_info=&#8221;{}&#8221;]<\/p>\n<h1>Archive<\/h1>\n<p>&nbsp;<\/p>\n<p><a href=\"http:\/\/larsen-maguire.com\/english\/concerts-2024\/\">Concerts 2024<\/a><\/p>\n<p><a href=\"http:\/\/larsen-maguire.com\/english\/concerts-2023\/\">Concerts 2023<\/a><\/p>\n<p><a href=\"http:\/\/larsen-maguire.com\/english\/concerts-2022\/\">Concerts 2022<\/a><\/p>\n<p><a href=\"http:\/\/larsen-maguire.com\/english\/concerts-2021\/\">Concerts 2021<\/a><\/p>\n<p><a href=\"http:\/\/larsen-maguire.com\/english\/concerts-2020\/\">Concerts 2020<\/a><\/p>\n<p><a href=\"http:\/\/larsen-maguire.com\/english\/concerts-2019\/\">Concerts 2019<\/a><\/p>\n<p><a href=\"http:\/\/larsen-maguire.com\/english\/concerts-2018\/\">Concerts 2018<\/a><\/p>\n<p><a href=\"http:\/\/larsen-maguire.com\/english\/concerts-2017\/\">Concerts 2017<\/a><\/p>\n<p><a href=\"http:\/\/larsen-maguire.com\/english\/concerts-2016\/\">Concerts 2016<\/a><\/p>\n<p><a href=\"http:\/\/larsen-maguire.com\/english\/concerts-2015\/\">Concerts 2015<\/a><\/p>\n<p><a href=\"http:\/\/larsen-maguire.com\/english\/concerts-2014\/\">Concerts 2014<\/a><\/p>\n<p><a href=\"http:\/\/larsen-maguire.com\/english\/concerts-2013\/\">Concerts 2013<\/a><\/p>\n<p><a href=\"http:\/\/larsen-maguire.com\/english\/concerts-2012\/\">Concerts 2012<\/a><\/p>\n<p><a href=\"http:\/\/larsen-maguire.com\/english\/concerts-2011\/\">Concerts 2011<\/a><\/p>\n<p><a href=\"http:\/\/larsen-maguire.com\/english\/concerts-2010\/\">Concerts 2010<\/a><\/p>\n<p>[\/et_pb_text][et_pb_text admin_label=&#8221;Text &#8211; Footernavigation (Fixiert)&#8221; _builder_version=&#8221;4.16&#8243; link_text_color=&#8221;#a3977a&#8221; link_font_size=&#8221;14px&#8221; background_enable_color=&#8221;off&#8221; use_background_color_gradient=&#8221;on&#8221; background_color_gradient_type=&#8221;circular&#8221; background_color_gradient_stops=&#8221;rgba(61,61,61,0.57) 10%|#000000 60%&#8221; background_color_gradient_start=&#8221;rgba(61,61,61,0.57)&#8221; background_color_gradient_start_position=&#8221;10%&#8221; background_color_gradient_end=&#8221;#000000&#8243; background_color_gradient_end_position=&#8221;60%&#8221; positioning=&#8221;fixed&#8221; position_origin_a=&#8221;bottom_center&#8221; position_origin_f=&#8221;bottom_center&#8221; position_origin_r=&#8221;bottom_right&#8221; vertical_offset=&#8221;0px&#8221; horizontal_offset=&#8221;-55%&#8221; z_index=&#8221;10000&#8243; width=&#8221;100%&#8221; max_width=&#8221;100%&#8221; custom_margin=&#8221;50px||||false|false&#8221; custom_padding=&#8221;||||false|false&#8221; animation_direction=&#8221;bottom&#8221; global_module=&#8221;2365&#8243; saved_tabs=&#8221;all&#8221; locked=&#8221;on&#8221; global_colors_info=&#8221;{}&#8221; link_text_color__hover_enabled=&#8221;on|desktop&#8221; link_text_color__hover=&#8221;#dbb749&#8243;]<\/p>\n<p style=\"text-align: center;\"><a href=\"https:\/\/larsen-maguire.com\/english\/contact\/\" title=\"Contact\">Contact<\/a> \u00a0 \u00a0<a href=\"https:\/\/larsen-maguire.com\/english\/legal-notice\/\" title=\"Legal Notice\">Legal Notice<\/a> \u00a0 \u00a0<a href=\"https:\/\/larsen-maguire.com\/english\/privacy-note\/\" title=\"Privacy Note\">Privacy Note<\/a><\/p>\n<p>[\/et_pb_text][\/et_pb_column][\/et_pb_row][\/et_pb_section]<\/p>\n","protected":false},"excerpt":{"rendered":"<p>29th January 2024, 8pm Megaron, AthensKonsolakis: Zlata (first performance)Beethoven: Triple concertoBrahms: Symphony No. 2Underground Youth Orchestra, Athens 10th February 2024, 8pm Sala Nezahualc\u00f3yotlOlmedo: Overture &#8220;Luisa&#8221;Grieg: Piano concertoHolst: The PlanetsOFUNAM Mexico City 11th February 2024, 12pm Sala Nezahualc\u00f3yotlOlmedo: Overture &#8220;Luisa&#8221;Grieg: Piano concertoHolst: The PlanetsOFUNAM Mexico City 21st February 2024, 12pm Barbican Centre, LondonHolst: The PlanetsLondon Symphony [&hellip;]<\/p>\n","protected":false},"author":6,"featured_media":0,"parent":0,"menu_order":0,"comment_status":"closed","ping_status":"closed","template":"","meta":{"_et_pb_use_builder":"on","_et_pb_old_content":"","_et_gb_content_width":"","footnotes":""},"class_list":["post-3318","page","type-page","status-publish","hentry"],"yoast_head":"<!-- This site is optimized with the Yoast SEO plugin v27.0 - https:\/\/yoast.com\/product\/yoast-seo-wordpress\/ -->\n<title>Concerts 2024 &#8226; english<\/title>\n<meta name=\"robots\" content=\"index, follow, max-snippet:-1, max-image-preview:large, max-video-preview:-1\" \/>\n<link rel=\"canonical\" href=\"https:\/\/larsen-maguire.com\/english\/concerts-2024\/\" \/>\n<meta property=\"og:locale\" content=\"en_US\" \/>\n<meta property=\"og:type\" content=\"article\" \/>\n<meta property=\"og:title\" content=\"Concerts 2024 &#8226; english\" \/>\n<meta property=\"og:description\" content=\"29th January 2024, 8pm Megaron, AthensKonsolakis: Zlata (first performance)Beethoven: Triple concertoBrahms: Symphony No. 2Underground Youth Orchestra, Athens 10th February 2024, 8pm Sala Nezahualc\u00f3yotlOlmedo: Overture &quot;Luisa&quot;Grieg: Piano concertoHolst: The PlanetsOFUNAM Mexico City 11th February 2024, 12pm Sala Nezahualc\u00f3yotlOlmedo: Overture &quot;Luisa&quot;Grieg: Piano concertoHolst: The PlanetsOFUNAM Mexico City 21st February 2024, 12pm Barbican Centre, LondonHolst: The PlanetsLondon Symphony [&hellip;]\" \/>\n<meta property=\"og:url\" content=\"https:\/\/larsen-maguire.com\/english\/concerts-2024\/\" \/>\n<meta property=\"og:site_name\" content=\"english\" \/>\n<meta property=\"article:modified_time\" content=\"2025-01-24T14:57:46+00:00\" \/>\n<meta name=\"twitter:label1\" content=\"Est. reading time\" \/>\n\t<meta name=\"twitter:data1\" content=\"4 minutes\" \/>\n<script type=\"application\/ld+json\" class=\"yoast-schema-graph\">{\"@context\":\"https:\/\/schema.org\",\"@graph\":[{\"@type\":\"WebPage\",\"@id\":\"https:\/\/larsen-maguire.com\/english\/concerts-2024\/\",\"url\":\"https:\/\/larsen-maguire.com\/english\/concerts-2024\/\",\"name\":\"Concerts 2024 &#8226; english\",\"isPartOf\":{\"@id\":\"https:\/\/larsen-maguire.com\/english\/#website\"},\"datePublished\":\"2025-01-24T14:54:37+00:00\",\"dateModified\":\"2025-01-24T14:57:46+00:00\",\"breadcrumb\":{\"@id\":\"https:\/\/larsen-maguire.com\/english\/concerts-2024\/#breadcrumb\"},\"inLanguage\":\"en-US\",\"potentialAction\":[{\"@type\":\"ReadAction\",\"target\":[\"https:\/\/larsen-maguire.com\/english\/concerts-2024\/\"]}]},{\"@type\":\"BreadcrumbList\",\"@id\":\"https:\/\/larsen-maguire.com\/english\/concerts-2024\/#breadcrumb\",\"itemListElement\":[{\"@type\":\"ListItem\",\"position\":1,\"name\":\"Home\",\"item\":\"https:\/\/larsen-maguire.com\/english\/\"},{\"@type\":\"ListItem\",\"position\":2,\"name\":\"Concerts 2024\"}]},{\"@type\":\"WebSite\",\"@id\":\"https:\/\/larsen-maguire.com\/english\/#website\",\"url\":\"https:\/\/larsen-maguire.com\/english\/\",\"name\":\"english\",\"description\":\"Catherine Larsen-Maguire\",\"publisher\":{\"@id\":\"https:\/\/larsen-maguire.com\/english\/#\/schema\/person\/fb937f3e64a202ec098731225ef4bb55\"},\"potentialAction\":[{\"@type\":\"SearchAction\",\"target\":{\"@type\":\"EntryPoint\",\"urlTemplate\":\"https:\/\/larsen-maguire.com\/english\/?s={search_term_string}\"},\"query-input\":{\"@type\":\"PropertyValueSpecification\",\"valueRequired\":true,\"valueName\":\"search_term_string\"}}],\"inLanguage\":\"en-US\"},{\"@type\":[\"Person\",\"Organization\"],\"@id\":\"https:\/\/larsen-maguire.com\/english\/#\/schema\/person\/fb937f3e64a202ec098731225ef4bb55\",\"name\":\"Catherine Larsen-Maguire\",\"image\":{\"@type\":\"ImageObject\",\"inLanguage\":\"en-US\",\"@id\":\"https:\/\/larsen-maguire.com\/english\/#\/schema\/person\/image\/\",\"url\":\"https:\/\/larsen-maguire.com\/english\/wp-content\/uploads\/sites\/3\/2020\/01\/CLM-Profilbild-Catherine-Larsen-Maguire.png\",\"contentUrl\":\"https:\/\/larsen-maguire.com\/english\/wp-content\/uploads\/sites\/3\/2020\/01\/CLM-Profilbild-Catherine-Larsen-Maguire.png\",\"width\":500,\"height\":500,\"caption\":\"Catherine Larsen-Maguire\"},\"logo\":{\"@id\":\"https:\/\/larsen-maguire.com\/english\/#\/schema\/person\/image\/\"},\"sameAs\":[\"http:\/\/larsen-maguire.com\"]}]}<\/script>\n<!-- \/ Yoast SEO plugin. -->","yoast_head_json":{"title":"Concerts 2024 &#8226; english","robots":{"index":"index","follow":"follow","max-snippet":"max-snippet:-1","max-image-preview":"max-image-preview:large","max-video-preview":"max-video-preview:-1"},"canonical":"https:\/\/larsen-maguire.com\/english\/concerts-2024\/","og_locale":"en_US","og_type":"article","og_title":"Concerts 2024 &#8226; english","og_description":"29th January 2024, 8pm Megaron, AthensKonsolakis: Zlata (first performance)Beethoven: Triple concertoBrahms: Symphony No. 2Underground Youth Orchestra, Athens 10th February 2024, 8pm Sala Nezahualc\u00f3yotlOlmedo: Overture \"Luisa\"Grieg: Piano concertoHolst: The PlanetsOFUNAM Mexico City 11th February 2024, 12pm Sala Nezahualc\u00f3yotlOlmedo: Overture \"Luisa\"Grieg: Piano concertoHolst: The PlanetsOFUNAM Mexico City 21st February 2024, 12pm Barbican Centre, LondonHolst: The PlanetsLondon Symphony [&hellip;]","og_url":"https:\/\/larsen-maguire.com\/english\/concerts-2024\/","og_site_name":"english","article_modified_time":"2025-01-24T14:57:46+00:00","twitter_misc":{"Est. reading time":"4 minutes"},"schema":{"@context":"https:\/\/schema.org","@graph":[{"@type":"WebPage","@id":"https:\/\/larsen-maguire.com\/english\/concerts-2024\/","url":"https:\/\/larsen-maguire.com\/english\/concerts-2024\/","name":"Concerts 2024 &#8226; english","isPartOf":{"@id":"https:\/\/larsen-maguire.com\/english\/#website"},"datePublished":"2025-01-24T14:54:37+00:00","dateModified":"2025-01-24T14:57:46+00:00","breadcrumb":{"@id":"https:\/\/larsen-maguire.com\/english\/concerts-2024\/#breadcrumb"},"inLanguage":"en-US","potentialAction":[{"@type":"ReadAction","target":["https:\/\/larsen-maguire.com\/english\/concerts-2024\/"]}]},{"@type":"BreadcrumbList","@id":"https:\/\/larsen-maguire.com\/english\/concerts-2024\/#breadcrumb","itemListElement":[{"@type":"ListItem","position":1,"name":"Home","item":"https:\/\/larsen-maguire.com\/english\/"},{"@type":"ListItem","position":2,"name":"Concerts 2024"}]},{"@type":"WebSite","@id":"https:\/\/larsen-maguire.com\/english\/#website","url":"https:\/\/larsen-maguire.com\/english\/","name":"english","description":"Catherine Larsen-Maguire","publisher":{"@id":"https:\/\/larsen-maguire.com\/english\/#\/schema\/person\/fb937f3e64a202ec098731225ef4bb55"},"potentialAction":[{"@type":"SearchAction","target":{"@type":"EntryPoint","urlTemplate":"https:\/\/larsen-maguire.com\/english\/?s={search_term_string}"},"query-input":{"@type":"PropertyValueSpecification","valueRequired":true,"valueName":"search_term_string"}}],"inLanguage":"en-US"},{"@type":["Person","Organization"],"@id":"https:\/\/larsen-maguire.com\/english\/#\/schema\/person\/fb937f3e64a202ec098731225ef4bb55","name":"Catherine Larsen-Maguire","image":{"@type":"ImageObject","inLanguage":"en-US","@id":"https:\/\/larsen-maguire.com\/english\/#\/schema\/person\/image\/","url":"https:\/\/larsen-maguire.com\/english\/wp-content\/uploads\/sites\/3\/2020\/01\/CLM-Profilbild-Catherine-Larsen-Maguire.png","contentUrl":"https:\/\/larsen-maguire.com\/english\/wp-content\/uploads\/sites\/3\/2020\/01\/CLM-Profilbild-Catherine-Larsen-Maguire.png","width":500,"height":500,"caption":"Catherine Larsen-Maguire"},"logo":{"@id":"https:\/\/larsen-maguire.com\/english\/#\/schema\/person\/image\/"},"sameAs":["http:\/\/larsen-maguire.com"]}]}},"_links":{"self":[{"href":"https:\/\/larsen-maguire.com\/english\/wp-json\/wp\/v2\/pages\/3318","targetHints":{"allow":["GET"]}}],"collection":[{"href":"https:\/\/larsen-maguire.com\/english\/wp-json\/wp\/v2\/pages"}],"about":[{"href":"https:\/\/larsen-maguire.com\/english\/wp-json\/wp\/v2\/types\/page"}],"author":[{"embeddable":true,"href":"https:\/\/larsen-maguire.com\/english\/wp-json\/wp\/v2\/users\/6"}],"replies":[{"embeddable":true,"href":"https:\/\/larsen-maguire.com\/english\/wp-json\/wp\/v2\/comments?post=3318"}],"version-history":[{"count":0,"href":"https:\/\/larsen-maguire.com\/english\/wp-json\/wp\/v2\/pages\/3318\/revisions"}],"wp:attachment":[{"href":"https:\/\/larsen-maguire.com\/english\/wp-json\/wp\/v2\/media?parent=3318"}],"curies":[{"name":"wp","href":"https:\/\/api.w.org\/{rel}","templated":true}]}}