{"id":2735,"date":"2022-01-19T06:31:06","date_gmt":"2022-01-19T05:31:06","guid":{"rendered":"https:\/\/larsen-maguire.com\/english\/?page_id=2735"},"modified":"2022-01-19T09:37:30","modified_gmt":"2022-01-19T08:37:30","slug":"concerts-2021","status":"publish","type":"page","link":"https:\/\/larsen-maguire.com\/english\/concerts-2021\/","title":{"rendered":"Concerts 2021"},"content":{"rendered":"<p>[et_pb_section fb_built=&#8221;1&#8243; admin_label=&#8221;Sektion &#8211; Header: Konzerte Archiv&#8221; _builder_version=&#8221;4.3.4&#8243; background_color=&#8221;#3d3d3d&#8221; background_image=&#8221;https:\/\/larsen-maguire.com\/english\/wp-content\/uploads\/sites\/3\/2020\/03\/CLM-DSC02108.jpg&#8221; parallax=&#8221;on&#8221; custom_margin=&#8221;||||false|false&#8221; custom_padding=&#8221;0px||0px||false|false&#8221; collapsed=&#8221;on&#8221;][et_pb_row column_structure=&#8221;1_3,2_3&#8243; use_custom_gutter=&#8221;on&#8221; gutter_width=&#8221;1&#8243; _builder_version=&#8221;4.3.4&#8243; z_index=&#8221;1&#8243; width=&#8221;100%&#8221; max_width=&#8221;2560px&#8221; custom_margin=&#8221;0px||0px||true|false&#8221; custom_padding=&#8221;0px||0px||true|false&#8221; animation_style=&#8221;slide&#8221; animation_direction=&#8221;left&#8221; animation_duration=&#8221;1500ms&#8221; animation_delay=&#8221;500ms&#8221;][et_pb_column type=&#8221;1_3&#8243; _builder_version=&#8221;4.3.4&#8243; background_color=&#8221;rgba(0,0,0,0.5)&#8221; custom_padding=&#8221;0px||0px||true|false&#8221;][et_pb_post_title meta=&#8221;off&#8221; featured_image=&#8221;off&#8221; admin_label=&#8221;Posttitel&#8221; _builder_version=&#8221;4.3.4&#8243; title_text_align=&#8221;right&#8221; title_text_color=&#8221;#dbb749&#8243; title_font_size=&#8221;60px&#8221; module_alignment=&#8221;left&#8221; custom_margin=&#8221;280px||180px||false|false&#8221; custom_padding=&#8221;|10%||10%|false|true&#8221; title_font_size_tablet=&#8221;50px&#8221; title_font_size_phone=&#8221;40px&#8221; title_font_size_last_edited=&#8221;on|phone&#8221;][\/et_pb_post_title][\/et_pb_column][et_pb_column type=&#8221;2_3&#8243; _builder_version=&#8221;4.3.4&#8243; custom_padding=&#8221;||||false|true&#8221;][\/et_pb_column][\/et_pb_row][\/et_pb_section][et_pb_section fb_built=&#8221;1&#8243; admin_label=&#8221;section&#8221; _builder_version=&#8221;3.22&#8243; background_color=&#8221;#3d3d3d&#8221; use_background_color_gradient=&#8221;on&#8221; background_color_gradient_start=&#8221;#3d3d3d&#8221; background_color_gradient_end=&#8221;#000000&#8243; background_color_gradient_type=&#8221;radial&#8221; background_color_gradient_direction_radial=&#8221;top&#8221; background_color_gradient_overlays_image=&#8221;on&#8221;][et_pb_row column_structure=&#8221;3_4,1_4&#8243; admin_label=&#8221;row&#8221; _builder_version=&#8221;3.25&#8243; background_size=&#8221;initial&#8221; background_position=&#8221;top_left&#8221; background_repeat=&#8221;repeat&#8221;][et_pb_column type=&#8221;3_4&#8243; _builder_version=&#8221;3.25&#8243; custom_padding=&#8221;|||&#8221; custom_padding__hover=&#8221;|||&#8221;][et_pb_text admin_label=&#8221;Text &#8211; Termine&#8221; _builder_version=&#8221;4.9.4&#8243; link_text_color=&#8221;#dbb749&#8243; header_5_text_color=&#8221;#ffffff&#8221; header_5_font_size=&#8221;21px&#8221; background_size=&#8221;initial&#8221; background_position=&#8221;top_left&#8221; background_repeat=&#8221;repeat&#8221; module_alignment=&#8221;left&#8221; height=&#8221;80%&#8221; max_height=&#8221;80%&#8221; overflow-x=&#8221;scroll&#8221; hover_enabled=&#8221;0&#8243; use_border_color=&#8221;off&#8221; locked=&#8221;off&#8221; sticky_enabled=&#8221;0&#8243;]<\/p>\n<h5>28th January 2021, 7.30pm<\/h5>\n<p>Fribourg, Equilibre<br \/>Bacewicz: Concerto for Strings<br \/>Alma Mahler: Lieder<br \/>&#8211; Soloist: Iwona Sobotka<br \/>Farrenc: Symphony No. 3<br \/><a href=\"https:\/\/www.ocf.ch\/fr\/concerts--a-venir.html?event=958\">Orchestre de Chambre Fribourgeois<\/a><br \/><span style=\"color: #ff0000\">CANCELLED<\/span><\/p>\n<h5>6th April 2021, 7.30pm<\/h5>\n<p>Studio 26, RTV Slovenia, Ljubljana<br \/>Gabrieli: Canzoni<br \/>Donizetti: Sinfonia<br \/>Mendelssohn: String Symphony No. 8<br \/>Barber: Adagio for Strings<br \/>Barber: Mutations from Bach<br \/>Purcell, arr. Britten: Chaconne<br \/>Raff: Sinfonietta<br \/><a href=\"https:\/\/simfoniki.rtvslo.si\/koncerti\/\">RTV Slovenia Symphony Orchestra<\/a><\/p>\n<h5>19th &#8211; 23rd April 2021<\/h5>\n<p>Paris, \u00c9cole Normale de musique<br \/>Alfred Cortot<br \/>Jury member, <a href=\"https:\/\/festival-besancon.com\/en\/57-competition-2021\/\">Besan\u00e7on Competition for Young<br \/>Conductors <\/a>(preliminary round)<\/p>\n<h5>3rd &#8211; 5th May 2021<\/h5>\n<p>Besan\u00e7on, Th\u00e9\u00e2tre Ledoux<br \/>Jury member, <a href=\"https:\/\/festival-besancon.com\/en\/57-competition-2021\/\">Besan\u00e7on Competition for Young Conductors<\/a> (preliminary round)<\/p>\n<h5>21st May 2021, 8.30pm<\/h5>\n<p>Poitiers<br \/>Ginastera: Variaciones Concertantes<br \/>Ginastera: Harp Concerto<br \/>&#8211; Soloist: Anais Gaudemard<br \/>Beethoven: Symphony No. 8<br \/><a href=\"http:\/\/ocna.fr\/2020\/07\/28\/mai\/\">Orchestre de Chambre Nouvelle-Aquitaine<\/a><br \/><span style=\"color: #ff0000\">CANCELLED<\/span><\/p>\n<p><span style=\"color: #ffffff\">15th June 2021, 9pm<\/span><br \/>Ljubljana, Kongresni trg<br \/>Muzenic: Metropola<br \/>Prokofiev: Piano Concerto No. 2<br \/>&#8211; Soloist: Urban Stanic<br \/>Prokofiev: Excerpts from &#8220;Romeo and Julia&#8221;<br \/><a href=\"https:\/\/www.ag.uni-lj.si\/dogodki\/ostali-dogodki\/junij-v-ljubljani\">Orchestra of the Slovenian Music Academy<\/a><\/p>\n<h5>1st &#8211; 4th July 2021<\/h5>\n<p>Institut fran\u00e7ais Berlin<br \/>Jury member, <a href=\"https:\/\/festival-besancon.com\/en\/57-competition-2021\/\">Besan\u00e7on Competition for Young Conductors<\/a> (preliminary round)<\/p>\n<h5>7th August 2021, 8pm<\/h5>\n<p>Villa Elisabeth, Berlin<br \/>Berio: Musica leggera<br \/>Sciarrino: Il tempo con l&#8217;obelisco<br \/>Purcell\/Knussen: Fantasia upon one note<br \/>Dun: Circle with Four Trios, Conductor and Audience<br \/>Franke: Cappella di Buffoni (first performance)<br \/>Milliken: Pollok<br \/>Bauckholt: Treibstoff<br \/><a href=\"https:\/\/www.landesmusikrat-berlin.de\/projekte\/landesjugendensemble-neue-musik-berlin\/\">Landesjugendensemble Neue Musik<\/a><\/p>\n<h5>1st September 2021, 8pm<\/h5>\n<p>Berlin Philharmonie main hall<br \/>Milliken: Night Shift &#8211; The Rehearsal (first performance)<br \/>Soloists: Helena Rasker, Michael Schiefel<br \/><a href=\"https:\/\/www.berlinerfestspiele.de\/en\/berliner-festspiele\/programm\/bfs-gesamtprogramm\/programmdetail_341781.html\">Musikfest Berlin<\/a><br \/><a href=\"https:\/\/www.ensemble-modern.com\/en\/calendar\/2021-09-01\/4707#k-4707\">Ensemble Modern<\/a><br \/><a href=\"https:\/\/www.neuerkammerchorberlin.de\/konzerte\/\">Neuer Kammerchor Berlin<\/a><\/p>\n<p><span style=\"color: #ffffff\">1st October 2021, 7.30pm<\/span><br \/>Auditorio de Tenerife<br \/>Weber: Oberon Overture<br \/>Strauss: Horn Concerto No. 1<br \/>&#8211; Soloist: Stefan Dohr<br \/>Shostakovich: Symphony No. 10<br \/><a href=\"http:\/\/sinfonicadetenerife.es\/proximos-conciertos\/iii-programa-2\/\">Sinf\u00f3nica de Tenerife<\/a><\/p>\n<h5>29th October 2021, 2pm<\/h5>\n<p>Hoddinott Hall, Cardiff<br \/>Helen Grime: Limina<br \/>Michael Zev Gordon: Violin Concerto<br \/>&#8211; Soloist: Carolin Widmann<br \/>Alexander Goehr: The Master Said (first performance)<br \/>&#8211; Narrator: Mark Lewis Jones<br \/><a href=\"https:\/\/www.bbc.co.uk\/bbcnow\">BBC National Orchestra of Wales<\/a><\/p>\n<h5>5th November 2021, 7.30pm<\/h5>\n<p>Sage Gateshead<br \/>Grieg: Holberg Suite<br \/>Nielsen: Clarinet Concerto<br \/>&#8211; Soloist: Magnus Holmander<br \/>Sibelius: Symphony No. 3<br \/><a href=\"https:\/\/sagegateshead.com\/whats-on\/rns-nordic-magic\/\">Royal Northern Sinfonia<\/a><\/p>\n<h5>13th November 2021, 7.45pm<\/h5>\n<p>St. George&#8217;s, Bristol<br \/>Zemlinsky: Lustspiel Overture<br \/>Korngold: Violin Concerto<br \/>&#8211; Soloist: Maria Wloszczowska<br \/>Brahms: Symphony No. 2<br \/><a href=\"https:\/\/bhco.co.uk\/event\/autumn-concert-2021-2\/\">Brandon Hill Chamber Orchestra<\/a><\/p>\n<h5>18th November 2021, 8pm<\/h5>\n<p>B\u00e2timent des Forces Motrices, Geneva<br \/>Gabrieli: Canzoni<br \/>Ives: The Unanswered Question<br \/>Haydn: Symphony No. 45 (&#8220;Farewell&#8221;)<br \/>Martin: Harpsichord Concerto<br \/>&#8211; Soloist: Jean Rondeau<br \/>Bach: Orchestral Suite No. 3 in D<br \/><a href=\"https:\/\/www.locg.ch\/fr\/programme?saison_id=18&amp;type_id=&amp;concert_id=304\">L&#8217;Orchestre de Chambre de Gen\u00e8ve<\/a><\/p>\n<h5>28th November 2021, 3pm<\/h5>\n<p>Congress Theatre, Eastbourne<br \/>Beethoven: Egmont Overture<br \/>Tchaikovsky: Piano Concerto No. 1<br \/>&#8211; Soloist: Igor Tchetuev<br \/>Brahms: Symphony No. 2<br \/><a href=\"https:\/\/tickets.lpo.org.uk\/events\/1626885261\">London Philharmonic Orchestra<\/a><\/p>\n<h5>7th, 8th and 12th December 2021<\/h5>\n<p>Jerusalem and Tel Aviv<br \/>Dvorak: Carnival Overture<br \/>Haydn: Symphony No. 102<br \/>Shostakovich: Symphony No. 9<br \/><a href=\"https:\/\/www.jmc.org.il\/index.php?lang=eng&amp;p=fltz\">Young Israel Philharmonic Orchestra<\/a><br \/><span style=\"color: #ff0000\">CANCELLED<\/span><\/p>\n<h5>15th and 16th December 2021<\/h5>\n<p>G\u00f6ttingen<br \/>Mozart: Magic Flute Overture<br \/>Wieniawski: Violin Concerto No. 5<br \/>Mozart: Symphony No. 39<br \/><a href=\"https:\/\/www.gso-online.de\">G\u00f6ttingen Symphony Orchestra<\/a><br \/><span style=\"color: #ff0000\">CANCELLED<\/span><\/p>\n<p>&nbsp;<\/p>\n<p>&nbsp;<\/p>\n<p>&nbsp;<\/p>\n<p>&nbsp;<\/p>\n<p>&nbsp;<\/p>\n<h5>\u00a0<\/h5>\n<p>&nbsp;<\/p>\n<p>&nbsp;<\/p>\n<p>[\/et_pb_text][\/et_pb_column][et_pb_column type=&#8221;1_4&#8243; _builder_version=&#8221;3.25&#8243; custom_padding=&#8221;|||&#8221; custom_padding__hover=&#8221;|||&#8221;][et_pb_text admin_label=&#8221;Text &#8211; Concerts Menue&#8221; _builder_version=&#8221;4.9.4&#8243; link_text_color=&#8221;#dbb749&#8243; background_size=&#8221;initial&#8221; background_position=&#8221;top_left&#8221; background_repeat=&#8221;repeat&#8221; module_alignment=&#8221;left&#8221; use_border_color=&#8221;off&#8221; border_color=&#8221;#ffffff&#8221; border_style=&#8221;solid&#8221; global_module=&#8221;1676&#8243; saved_tabs=&#8221;all&#8221; locked=&#8221;off&#8221;]<\/p>\n<h1>Archive<\/h1>\n<p>&nbsp;<\/p>\n<p><a href=\"http:\/\/larsen-maguire.com\/english\/concerts-2021\/\">Concerts 2021<\/a><\/p>\n<p><a href=\"http:\/\/larsen-maguire.com\/english\/concerts-2020\/\">Concerts 2020<\/a><\/p>\n<p><a href=\"http:\/\/larsen-maguire.com\/english\/concerts-2019\/\">Concerts 2019<\/a><\/p>\n<p><a href=\"http:\/\/larsen-maguire.com\/english\/concerts-2018\/\">Concerts 2018<\/a><\/p>\n<p><a href=\"http:\/\/larsen-maguire.com\/english\/concerts-2017\/\">Concerts 2017<\/a><\/p>\n<p><a href=\"http:\/\/larsen-maguire.com\/english\/concerts-2016\/\">Concerts 2016<\/a><\/p>\n<p><a href=\"http:\/\/larsen-maguire.com\/english\/concerts-2015\/\">Concerts 2015<\/a><\/p>\n<p><a href=\"http:\/\/larsen-maguire.com\/english\/concerts-2014\/\">Concerts 2014<\/a><\/p>\n<p><a href=\"http:\/\/larsen-maguire.com\/english\/concerts-2013\/\">Concerts 2013<\/a><\/p>\n<p><a href=\"http:\/\/larsen-maguire.com\/english\/concerts-2012\/\">Concerts 2012<\/a><\/p>\n<p><a href=\"http:\/\/larsen-maguire.com\/english\/concerts-2011\/\">Concerts 2011<\/a><\/p>\n<p><a href=\"http:\/\/larsen-maguire.com\/english\/concerts-2010\/\">Concerts 2010<\/a><\/p>\n<p>[\/et_pb_text][et_pb_text admin_label=&#8221;Text &#8211; Footernavigation (Fixiert)&#8221; _builder_version=&#8221;4.4.0&#8243; link_text_color=&#8221;#a3977a&#8221; link_font_size=&#8221;14px&#8221; background_enable_color=&#8221;off&#8221; use_background_color_gradient=&#8221;on&#8221; background_color_gradient_start=&#8221;rgba(61,61,61,0.57)&#8221; background_color_gradient_end=&#8221;#000000&#8243; background_color_gradient_type=&#8221;radial&#8221; background_color_gradient_start_position=&#8221;10%&#8221; background_color_gradient_end_position=&#8221;60%&#8221; positioning=&#8221;fixed&#8221; position_origin_a=&#8221;bottom_center&#8221; position_origin_f=&#8221;bottom_center&#8221; position_origin_r=&#8221;bottom_right&#8221; vertical_offset=&#8221;0px&#8221; horizontal_offset=&#8221;-55%&#8221; z_index=&#8221;10000&#8243; width=&#8221;100%&#8221; max_width=&#8221;100%&#8221; custom_margin=&#8221;50px||||false|false&#8221; custom_padding=&#8221;||||false|false&#8221; animation_direction=&#8221;bottom&#8221; global_module=&#8221;2365&#8243; saved_tabs=&#8221;all&#8221; locked=&#8221;on&#8221; link_text_color__hover_enabled=&#8221;on|desktop&#8221; link_text_color__hover=&#8221;#dbb749&#8243;]<\/p>\n<p style=\"text-align: center\"><a href=\"https:\/\/larsen-maguire.com\/english\/contact\/\" title=\"Contact\">Contact<\/a> \u00a0 \u00a0<a href=\"https:\/\/larsen-maguire.com\/english\/legal-notice\/\" title=\"Legal Notice\">Legal Notice<\/a> \u00a0 \u00a0<a href=\"https:\/\/larsen-maguire.com\/english\/privacy-note\/\" title=\"Privacy Note\">Privacy Note<\/a><\/p>\n<p>[\/et_pb_text][\/et_pb_column][\/et_pb_row][\/et_pb_section]<\/p>\n","protected":false},"excerpt":{"rendered":"<p>28th January 2021, 7.30pm Fribourg, EquilibreBacewicz: Concerto for StringsAlma Mahler: Lieder- Soloist: Iwona SobotkaFarrenc: Symphony No. 3Orchestre de Chambre FribourgeoisCANCELLED 6th April 2021, 7.30pm Studio 26, RTV Slovenia, LjubljanaGabrieli: CanzoniDonizetti: SinfoniaMendelssohn: String Symphony No. 8Barber: Adagio for StringsBarber: Mutations from BachPurcell, arr. Britten: ChaconneRaff: SinfoniettaRTV Slovenia Symphony Orchestra 19th &#8211; 23rd April 2021 Paris, \u00c9cole [&hellip;]<\/p>\n","protected":false},"author":6,"featured_media":0,"parent":0,"menu_order":0,"comment_status":"closed","ping_status":"closed","template":"","meta":{"_et_pb_use_builder":"on","_et_pb_old_content":"","_et_gb_content_width":"","footnotes":""},"class_list":["post-2735","page","type-page","status-publish","hentry"],"yoast_head":"<!-- This site is optimized with the Yoast SEO plugin v27.0 - https:\/\/yoast.com\/product\/yoast-seo-wordpress\/ -->\n<title>Concerts 2021 &#8226; english<\/title>\n<meta name=\"robots\" content=\"index, follow, max-snippet:-1, max-image-preview:large, max-video-preview:-1\" \/>\n<link rel=\"canonical\" href=\"https:\/\/larsen-maguire.com\/english\/concerts-2021\/\" \/>\n<meta property=\"og:locale\" content=\"en_US\" \/>\n<meta property=\"og:type\" content=\"article\" \/>\n<meta property=\"og:title\" content=\"Concerts 2021 &#8226; english\" \/>\n<meta property=\"og:description\" content=\"28th January 2021, 7.30pm Fribourg, EquilibreBacewicz: Concerto for StringsAlma Mahler: Lieder- Soloist: Iwona SobotkaFarrenc: Symphony No. 3Orchestre de Chambre FribourgeoisCANCELLED 6th April 2021, 7.30pm Studio 26, RTV Slovenia, LjubljanaGabrieli: CanzoniDonizetti: SinfoniaMendelssohn: String Symphony No. 8Barber: Adagio for StringsBarber: Mutations from BachPurcell, arr. Britten: ChaconneRaff: SinfoniettaRTV Slovenia Symphony Orchestra 19th - 23rd April 2021 Paris, \u00c9cole [&hellip;]\" \/>\n<meta property=\"og:url\" content=\"https:\/\/larsen-maguire.com\/english\/concerts-2021\/\" \/>\n<meta property=\"og:site_name\" content=\"english\" \/>\n<meta property=\"article:modified_time\" content=\"2022-01-19T08:37:30+00:00\" \/>\n<meta name=\"twitter:label1\" content=\"Est. reading time\" \/>\n\t<meta name=\"twitter:data1\" content=\"5 minutes\" \/>\n<script type=\"application\/ld+json\" class=\"yoast-schema-graph\">{\"@context\":\"https:\/\/schema.org\",\"@graph\":[{\"@type\":\"WebPage\",\"@id\":\"https:\/\/larsen-maguire.com\/english\/concerts-2021\/\",\"url\":\"https:\/\/larsen-maguire.com\/english\/concerts-2021\/\",\"name\":\"Concerts 2021 &#8226; english\",\"isPartOf\":{\"@id\":\"https:\/\/larsen-maguire.com\/english\/#website\"},\"datePublished\":\"2022-01-19T05:31:06+00:00\",\"dateModified\":\"2022-01-19T08:37:30+00:00\",\"breadcrumb\":{\"@id\":\"https:\/\/larsen-maguire.com\/english\/concerts-2021\/#breadcrumb\"},\"inLanguage\":\"en-US\",\"potentialAction\":[{\"@type\":\"ReadAction\",\"target\":[\"https:\/\/larsen-maguire.com\/english\/concerts-2021\/\"]}]},{\"@type\":\"BreadcrumbList\",\"@id\":\"https:\/\/larsen-maguire.com\/english\/concerts-2021\/#breadcrumb\",\"itemListElement\":[{\"@type\":\"ListItem\",\"position\":1,\"name\":\"Home\",\"item\":\"https:\/\/larsen-maguire.com\/english\/\"},{\"@type\":\"ListItem\",\"position\":2,\"name\":\"Concerts 2021\"}]},{\"@type\":\"WebSite\",\"@id\":\"https:\/\/larsen-maguire.com\/english\/#website\",\"url\":\"https:\/\/larsen-maguire.com\/english\/\",\"name\":\"english\",\"description\":\"Catherine Larsen-Maguire\",\"publisher\":{\"@id\":\"https:\/\/larsen-maguire.com\/english\/#\/schema\/person\/fb937f3e64a202ec098731225ef4bb55\"},\"potentialAction\":[{\"@type\":\"SearchAction\",\"target\":{\"@type\":\"EntryPoint\",\"urlTemplate\":\"https:\/\/larsen-maguire.com\/english\/?s={search_term_string}\"},\"query-input\":{\"@type\":\"PropertyValueSpecification\",\"valueRequired\":true,\"valueName\":\"search_term_string\"}}],\"inLanguage\":\"en-US\"},{\"@type\":[\"Person\",\"Organization\"],\"@id\":\"https:\/\/larsen-maguire.com\/english\/#\/schema\/person\/fb937f3e64a202ec098731225ef4bb55\",\"name\":\"Catherine Larsen-Maguire\",\"image\":{\"@type\":\"ImageObject\",\"inLanguage\":\"en-US\",\"@id\":\"https:\/\/larsen-maguire.com\/english\/#\/schema\/person\/image\/\",\"url\":\"https:\/\/larsen-maguire.com\/english\/wp-content\/uploads\/sites\/3\/2020\/01\/CLM-Profilbild-Catherine-Larsen-Maguire.png\",\"contentUrl\":\"https:\/\/larsen-maguire.com\/english\/wp-content\/uploads\/sites\/3\/2020\/01\/CLM-Profilbild-Catherine-Larsen-Maguire.png\",\"width\":500,\"height\":500,\"caption\":\"Catherine Larsen-Maguire\"},\"logo\":{\"@id\":\"https:\/\/larsen-maguire.com\/english\/#\/schema\/person\/image\/\"},\"sameAs\":[\"http:\/\/larsen-maguire.com\"]}]}<\/script>\n<!-- \/ Yoast SEO plugin. -->","yoast_head_json":{"title":"Concerts 2021 &#8226; english","robots":{"index":"index","follow":"follow","max-snippet":"max-snippet:-1","max-image-preview":"max-image-preview:large","max-video-preview":"max-video-preview:-1"},"canonical":"https:\/\/larsen-maguire.com\/english\/concerts-2021\/","og_locale":"en_US","og_type":"article","og_title":"Concerts 2021 &#8226; english","og_description":"28th January 2021, 7.30pm Fribourg, EquilibreBacewicz: Concerto for StringsAlma Mahler: Lieder- Soloist: Iwona SobotkaFarrenc: Symphony No. 3Orchestre de Chambre FribourgeoisCANCELLED 6th April 2021, 7.30pm Studio 26, RTV Slovenia, LjubljanaGabrieli: CanzoniDonizetti: SinfoniaMendelssohn: String Symphony No. 8Barber: Adagio for StringsBarber: Mutations from BachPurcell, arr. Britten: ChaconneRaff: SinfoniettaRTV Slovenia Symphony Orchestra 19th - 23rd April 2021 Paris, \u00c9cole [&hellip;]","og_url":"https:\/\/larsen-maguire.com\/english\/concerts-2021\/","og_site_name":"english","article_modified_time":"2022-01-19T08:37:30+00:00","twitter_misc":{"Est. reading time":"5 minutes"},"schema":{"@context":"https:\/\/schema.org","@graph":[{"@type":"WebPage","@id":"https:\/\/larsen-maguire.com\/english\/concerts-2021\/","url":"https:\/\/larsen-maguire.com\/english\/concerts-2021\/","name":"Concerts 2021 &#8226; english","isPartOf":{"@id":"https:\/\/larsen-maguire.com\/english\/#website"},"datePublished":"2022-01-19T05:31:06+00:00","dateModified":"2022-01-19T08:37:30+00:00","breadcrumb":{"@id":"https:\/\/larsen-maguire.com\/english\/concerts-2021\/#breadcrumb"},"inLanguage":"en-US","potentialAction":[{"@type":"ReadAction","target":["https:\/\/larsen-maguire.com\/english\/concerts-2021\/"]}]},{"@type":"BreadcrumbList","@id":"https:\/\/larsen-maguire.com\/english\/concerts-2021\/#breadcrumb","itemListElement":[{"@type":"ListItem","position":1,"name":"Home","item":"https:\/\/larsen-maguire.com\/english\/"},{"@type":"ListItem","position":2,"name":"Concerts 2021"}]},{"@type":"WebSite","@id":"https:\/\/larsen-maguire.com\/english\/#website","url":"https:\/\/larsen-maguire.com\/english\/","name":"english","description":"Catherine Larsen-Maguire","publisher":{"@id":"https:\/\/larsen-maguire.com\/english\/#\/schema\/person\/fb937f3e64a202ec098731225ef4bb55"},"potentialAction":[{"@type":"SearchAction","target":{"@type":"EntryPoint","urlTemplate":"https:\/\/larsen-maguire.com\/english\/?s={search_term_string}"},"query-input":{"@type":"PropertyValueSpecification","valueRequired":true,"valueName":"search_term_string"}}],"inLanguage":"en-US"},{"@type":["Person","Organization"],"@id":"https:\/\/larsen-maguire.com\/english\/#\/schema\/person\/fb937f3e64a202ec098731225ef4bb55","name":"Catherine Larsen-Maguire","image":{"@type":"ImageObject","inLanguage":"en-US","@id":"https:\/\/larsen-maguire.com\/english\/#\/schema\/person\/image\/","url":"https:\/\/larsen-maguire.com\/english\/wp-content\/uploads\/sites\/3\/2020\/01\/CLM-Profilbild-Catherine-Larsen-Maguire.png","contentUrl":"https:\/\/larsen-maguire.com\/english\/wp-content\/uploads\/sites\/3\/2020\/01\/CLM-Profilbild-Catherine-Larsen-Maguire.png","width":500,"height":500,"caption":"Catherine Larsen-Maguire"},"logo":{"@id":"https:\/\/larsen-maguire.com\/english\/#\/schema\/person\/image\/"},"sameAs":["http:\/\/larsen-maguire.com"]}]}},"_links":{"self":[{"href":"https:\/\/larsen-maguire.com\/english\/wp-json\/wp\/v2\/pages\/2735","targetHints":{"allow":["GET"]}}],"collection":[{"href":"https:\/\/larsen-maguire.com\/english\/wp-json\/wp\/v2\/pages"}],"about":[{"href":"https:\/\/larsen-maguire.com\/english\/wp-json\/wp\/v2\/types\/page"}],"author":[{"embeddable":true,"href":"https:\/\/larsen-maguire.com\/english\/wp-json\/wp\/v2\/users\/6"}],"replies":[{"embeddable":true,"href":"https:\/\/larsen-maguire.com\/english\/wp-json\/wp\/v2\/comments?post=2735"}],"version-history":[{"count":0,"href":"https:\/\/larsen-maguire.com\/english\/wp-json\/wp\/v2\/pages\/2735\/revisions"}],"wp:attachment":[{"href":"https:\/\/larsen-maguire.com\/english\/wp-json\/wp\/v2\/media?parent=2735"}],"curies":[{"name":"wp","href":"https:\/\/api.w.org\/{rel}","templated":true}]}}